{"id":12288,"date":"2022-08-02T09:18:30","date_gmt":"2022-08-02T07:18:30","guid":{"rendered":"http:\/\/185.164.4.234\/?page_id=12288"},"modified":"2025-11-21T14:17:00","modified_gmt":"2025-11-21T13:17:00","slug":"jugendberatung","status":"publish","type":"page","link":"http:\/\/172.16.202.26\/?page_id=12288","title":{"rendered":"Jugendberatung"},"content":{"rendered":"\t\t<div data-elementor-type=\"wp-page\" data-elementor-id=\"12288\" class=\"elementor elementor-12288\">\n\t\t\t\t\t\t<section class=\"elementor-section elementor-top-section elementor-element elementor-element-2779fd5 elementor-section-boxed elementor-section-height-default elementor-section-height-default\" data-id=\"2779fd5\" data-element_type=\"section\">\n\t\t\t\t\t\t<div class=\"elementor-container elementor-column-gap-default\">\n\t\t\t\t\t<div class=\"elementor-column elementor-col-100 elementor-top-column elementor-element elementor-element-2a7ab5d\" data-id=\"2a7ab5d\" data-element_type=\"column\">\n\t\t\t<div class=\"elementor-widget-wrap elementor-element-populated\">\n\t\t\t\t\t\t<div class=\"elementor-element elementor-element-eebffca elementor-widget elementor-widget-heading\" data-id=\"eebffca\" data-element_type=\"widget\" data-widget_type=\"heading.default\">\n\t\t\t\t<div class=\"elementor-widget-container\">\n\t\t\t<style>\/*! elementor - v3.20.0 - 13-03-2024 *\/\n.elementor-heading-title{padding:0;margin:0;line-height:1}.elementor-widget-heading .elementor-heading-title[class*=elementor-size-]>a{color:inherit;font-size:inherit;line-height:inherit}.elementor-widget-heading .elementor-heading-title.elementor-size-small{font-size:15px}.elementor-widget-heading .elementor-heading-title.elementor-size-medium{font-size:19px}.elementor-widget-heading .elementor-heading-title.elementor-size-large{font-size:29px}.elementor-widget-heading .elementor-heading-title.elementor-size-xl{font-size:39px}.elementor-widget-heading .elementor-heading-title.elementor-size-xxl{font-size:59px}<\/style><h2 class=\"elementor-heading-title elementor-size-default\">Jugendberatung (JuBer)<\/h2>\t\t<\/div>\n\t\t\t\t<\/div>\n\t\t\t\t\t<\/div>\n\t\t<\/div>\n\t\t\t\t\t<\/div>\n\t\t<\/section>\n\t\t\t\t<section class=\"elementor-section elementor-top-section elementor-element elementor-element-9475d5d elementor-section-boxed elementor-section-height-default elementor-section-height-default\" data-id=\"9475d5d\" data-element_type=\"section\">\n\t\t\t\t\t\t<div class=\"elementor-container elementor-column-gap-default\">\n\t\t\t\t\t<div class=\"elementor-column elementor-col-50 elementor-top-column elementor-element elementor-element-a10e3cc\" data-id=\"a10e3cc\" data-element_type=\"column\">\n\t\t\t<div class=\"elementor-widget-wrap elementor-element-populated\">\n\t\t\t\t\t\t<div class=\"elementor-element elementor-element-87674d6 elementor-widget elementor-widget-text-editor\" data-id=\"87674d6\" data-element_type=\"widget\" data-widget_type=\"text-editor.default\">\n\t\t\t\t<div class=\"elementor-widget-container\">\n\t\t\t<style>\/*! elementor - v3.20.0 - 13-03-2024 *\/\n.elementor-widget-text-editor.elementor-drop-cap-view-stacked .elementor-drop-cap{background-color:#69727d;color:#fff}.elementor-widget-text-editor.elementor-drop-cap-view-framed .elementor-drop-cap{color:#69727d;border:3px solid;background-color:transparent}.elementor-widget-text-editor:not(.elementor-drop-cap-view-default) .elementor-drop-cap{margin-top:8px}.elementor-widget-text-editor:not(.elementor-drop-cap-view-default) .elementor-drop-cap-letter{width:1em;height:1em}.elementor-widget-text-editor .elementor-drop-cap{float:left;text-align:center;line-height:1;font-size:50px}.elementor-widget-text-editor .elementor-drop-cap-letter{display:inline-block}<\/style>\t\t\t\t<p>Manchmal treten im Leben schwierige Situationen auf, die besondere Unterst\u00fctzung erfordern.\u00a0Wir verstehen uns als Anlaufstelle bei pers\u00f6nlichen oder bei schulischen Problemen.<br \/>Selbstverst\u00e4ndlich werden Gespr\u00e4che vertraulich behandelt, m\u00f6gliche Schritte und L\u00f6sungswege werden nur mit Einverst\u00e4ndnis der Betroffenen beschritten.<\/p>\t\t\t\t\t\t<\/div>\n\t\t\t\t<\/div>\n\t\t\t\t<div class=\"elementor-element elementor-element-0bd68e5 elementor-widget elementor-widget-heading\" data-id=\"0bd68e5\" data-element_type=\"widget\" data-widget_type=\"heading.default\">\n\t\t\t\t<div class=\"elementor-widget-container\">\n\t\t\t<h3 class=\"elementor-heading-title elementor-size-default\">F\u00fcr wen sind wir da?<\/h3>\t\t<\/div>\n\t\t\t\t<\/div>\n\t\t\t\t<div class=\"elementor-element elementor-element-703d1ff elementor-widget elementor-widget-text-editor\" data-id=\"703d1ff\" data-element_type=\"widget\" data-widget_type=\"text-editor.default\">\n\t\t\t\t<div class=\"elementor-widget-container\">\n\t\t\t\t\t\t\t<p>\u2192\u00a0 Sch\u00fclerinnen und Sch\u00fcler<br \/>\u2192\u00a0 Eltern<\/p>\t\t\t\t\t\t<\/div>\n\t\t\t\t<\/div>\n\t\t\t\t<div class=\"elementor-element elementor-element-ecafab2 elementor-widget elementor-widget-heading\" data-id=\"ecafab2\" data-element_type=\"widget\" data-widget_type=\"heading.default\">\n\t\t\t\t<div class=\"elementor-widget-container\">\n\t\t\t<h3 class=\"elementor-heading-title elementor-size-default\">F\u00fcr welche Anliegen sind wir da?\n<\/h3>\t\t<\/div>\n\t\t\t\t<\/div>\n\t\t\t\t<div class=\"elementor-element elementor-element-38c67b4 elementor-widget elementor-widget-text-editor\" data-id=\"38c67b4\" data-element_type=\"widget\" data-widget_type=\"text-editor.default\">\n\t\t\t\t<div class=\"elementor-widget-container\">\n\t\t\t\t\t\t\t<p>F\u00fcr Unterst\u00fctzung bei<br \/>\u2192\u00a0 privaten Problemen<br \/>\u2192\u00a0 Problemen im Schulalltag<br \/>\u2192\u00a0 Lernproblemen<br \/>\u2192\u00a0 Pr\u00fcfungsangst<br \/>\u2192\u00a0 Konzentrationsschw\u00e4chen<br \/>\u2192\u00a0 Suchtverhalten<br \/>\u2192\u00a0 Mobbing<br \/>\u2192\u00a0 &#8230;<\/p>\t\t\t\t\t\t<\/div>\n\t\t\t\t<\/div>\n\t\t\t\t<div class=\"elementor-element elementor-element-931ee48 elementor-widget elementor-widget-heading\" data-id=\"931ee48\" data-element_type=\"widget\" data-widget_type=\"heading.default\">\n\t\t\t\t<div class=\"elementor-widget-container\">\n\t\t\t<h3 class=\"elementor-heading-title elementor-size-default\">Wie sieht die Hilfe aus?<\/h3>\t\t<\/div>\n\t\t\t\t<\/div>\n\t\t\t\t<div class=\"elementor-element elementor-element-a7424a1 elementor-widget elementor-widget-text-editor\" data-id=\"a7424a1\" data-element_type=\"widget\" data-widget_type=\"text-editor.default\">\n\t\t\t\t<div class=\"elementor-widget-container\">\n\t\t\t\t\t\t\t<p>\u2192&nbsp; Einzelgespr\u00e4che<br>\u2192&nbsp; Beratungen f\u00fcr Sch\u00fclerinnen und Sch\u00fcler, Eltern<br>\u2192&nbsp; Vernetzung innerhalb der Schule<br>(Jahrgangsvorstand, -vorst\u00e4ndin, Klassenlehrer\/innen<br>Schulpsychologie, Schulsozialarbeit, SOPK, &#8230;)<br>\u2192&nbsp; Vermittlung zu externen Einrichtungen<br>\u2192&nbsp; Buddy System<br>\u2192&nbsp; Suchtpr\u00e4vention<\/p>\t\t\t\t\t\t<\/div>\n\t\t\t\t<\/div>\n\t\t\t\t<div class=\"elementor-element elementor-element-b532070 elementor-widget elementor-widget-heading\" data-id=\"b532070\" data-element_type=\"widget\" data-widget_type=\"heading.default\">\n\t\t\t\t<div class=\"elementor-widget-container\">\n\t\t\t<h3 class=\"elementor-heading-title elementor-size-default\">Beratungen erfolgen<\/h3>\t\t<\/div>\n\t\t\t\t<\/div>\n\t\t\t\t<div class=\"elementor-element elementor-element-776cf4c elementor-widget elementor-widget-text-editor\" data-id=\"776cf4c\" data-element_type=\"widget\" data-widget_type=\"text-editor.default\">\n\t\t\t\t<div class=\"elementor-widget-container\">\n\t\t\t\t\t\t\t<p>\u2192\u00a0 vertraulich<br \/>\u2192\u00a0 kostenlos<br \/>\u2192\u00a0 auf Wunsch anonym<\/p>\t\t\t\t\t\t<\/div>\n\t\t\t\t<\/div>\n\t\t\t\t\t<\/div>\n\t\t<\/div>\n\t\t\t\t<div class=\"elementor-column elementor-col-50 elementor-top-column elementor-element elementor-element-161731a\" data-id=\"161731a\" data-element_type=\"column\">\n\t\t\t<div class=\"elementor-widget-wrap elementor-element-populated\">\n\t\t\t\t\t\t<section class=\"elementor-section elementor-inner-section elementor-element elementor-element-0715f6c elementor-section-boxed elementor-section-height-default elementor-section-height-default\" data-id=\"0715f6c\" data-element_type=\"section\">\n\t\t\t\t\t\t<div class=\"elementor-container elementor-column-gap-default\">\n\t\t\t\t\t<div class=\"elementor-column elementor-col-50 elementor-inner-column elementor-element elementor-element-3076284\" data-id=\"3076284\" data-element_type=\"column\">\n\t\t\t<div class=\"elementor-widget-wrap elementor-element-populated\">\n\t\t\t\t\t\t<div class=\"elementor-element elementor-element-0bf5e87 elementor-widget elementor-widget-image\" data-id=\"0bf5e87\" data-element_type=\"widget\" data-widget_type=\"image.default\">\n\t\t\t\t<div class=\"elementor-widget-container\">\n\t\t\t<style>\/*! elementor - v3.20.0 - 13-03-2024 *\/\n.elementor-widget-image{text-align:center}.elementor-widget-image a{display:inline-block}.elementor-widget-image a img[src$=\".svg\"]{width:48px}.elementor-widget-image img{vertical-align:middle;display:inline-block}<\/style>\t\t\t\t\t\t\t\t\t\t<img fetchpriority=\"high\" decoding=\"async\" width=\"640\" height=\"427\" src=\"http:\/\/172.16.202.26\/wp-content\/uploads\/2022\/08\/amueller-1024x683.jpg\" class=\"attachment-large size-large wp-image-12395\" alt=\"\" srcset=\"http:\/\/172.16.202.26\/wp-content\/uploads\/2022\/08\/amueller-1024x683.jpg 1024w, http:\/\/172.16.202.26\/wp-content\/uploads\/2022\/08\/amueller-300x200.jpg 300w, http:\/\/172.16.202.26\/wp-content\/uploads\/2022\/08\/amueller-768x512.jpg 768w, http:\/\/172.16.202.26\/wp-content\/uploads\/2022\/08\/amueller-600x400.jpg 600w, http:\/\/172.16.202.26\/wp-content\/uploads\/2022\/08\/amueller.jpg 1200w\" sizes=\"(max-width: 640px) 100vw, 640px\" \/>\t\t\t\t\t\t\t\t\t\t\t\t\t<\/div>\n\t\t\t\t<\/div>\n\t\t\t\t<div class=\"elementor-element elementor-element-2cc9142 elementor-widget elementor-widget-text-editor\" data-id=\"2cc9142\" data-element_type=\"widget\" data-widget_type=\"text-editor.default\">\n\t\t\t\t<div class=\"elementor-widget-container\">\n\t\t\t\t\t\t\t<p style=\"text-align: center;\"><strong>Angela M\u00fcller-Kalt<\/strong><\/p><p style=\"text-align: center;\"><a href=\"mailto:amuellerkalt@tgm.ac.at\" target=\"_blank\" rel=\"noopener\">amuellerkalt@tgm.ac.at<\/a><\/p>\t\t\t\t\t\t<\/div>\n\t\t\t\t<\/div>\n\t\t\t\t\t<\/div>\n\t\t<\/div>\n\t\t\t\t<div class=\"elementor-column elementor-col-50 elementor-inner-column elementor-element elementor-element-9574996\" data-id=\"9574996\" data-element_type=\"column\">\n\t\t\t<div class=\"elementor-widget-wrap elementor-element-populated\">\n\t\t\t\t\t\t<div class=\"elementor-element elementor-element-792b118 elementor-widget elementor-widget-image\" data-id=\"792b118\" data-element_type=\"widget\" data-widget_type=\"image.default\">\n\t\t\t\t<div class=\"elementor-widget-container\">\n\t\t\t\t\t\t\t\t\t\t\t\t\t<img decoding=\"async\" src=\"http:\/\/172.16.202.26\/wp-content\/uploads\/elementor\/thumbs\/cweber-psobsip6wcxay6wqca43bq0hjk04wms6g1pbl0h8w0.jpg\" title=\"cweber\" alt=\"cweber\" loading=\"lazy\" \/>\t\t\t\t\t\t\t\t\t\t\t\t\t<\/div>\n\t\t\t\t<\/div>\n\t\t\t\t<div class=\"elementor-element elementor-element-5429df7 elementor-widget elementor-widget-text-editor\" data-id=\"5429df7\" data-element_type=\"widget\" data-widget_type=\"text-editor.default\">\n\t\t\t\t<div class=\"elementor-widget-container\">\n\t\t\t\t\t\t\t<p style=\"text-align: center;\"><strong>Claudia Weber<\/strong><\/p><p style=\"text-align: center;\"><a href=\"mailto:cweber@tgm.ac.at\" target=\"_blank\" rel=\"noopener\">cweber@tgm.ac.at<\/a><\/p>\t\t\t\t\t\t<\/div>\n\t\t\t\t<\/div>\n\t\t\t\t\t<\/div>\n\t\t<\/div>\n\t\t\t\t\t<\/div>\n\t\t<\/section>\n\t\t\t\t<section class=\"elementor-section elementor-inner-section elementor-element elementor-element-847248f elementor-section-boxed elementor-section-height-default elementor-section-height-default\" data-id=\"847248f\" data-element_type=\"section\">\n\t\t\t\t\t\t<div class=\"elementor-container elementor-column-gap-default\">\n\t\t\t\t\t<div class=\"elementor-column elementor-col-50 elementor-inner-column elementor-element elementor-element-1fcd973\" data-id=\"1fcd973\" data-element_type=\"column\">\n\t\t\t<div class=\"elementor-widget-wrap elementor-element-populated\">\n\t\t\t\t\t\t<div class=\"elementor-element elementor-element-4bfcd3a elementor-widget elementor-widget-image\" data-id=\"4bfcd3a\" data-element_type=\"widget\" data-widget_type=\"image.default\">\n\t\t\t\t<div class=\"elementor-widget-container\">\n\t\t\t\t\t\t\t\t\t\t\t\t\t<img decoding=\"async\" width=\"316\" height=\"207\" src=\"http:\/\/172.16.202.26\/wp-content\/uploads\/2025\/11\/Langer.png\" class=\"attachment-large size-large wp-image-26227\" alt=\"\" srcset=\"http:\/\/172.16.202.26\/wp-content\/uploads\/2025\/11\/Langer.png 316w, http:\/\/172.16.202.26\/wp-content\/uploads\/2025\/11\/Langer-300x197.png 300w\" sizes=\"(max-width: 316px) 100vw, 316px\" \/>\t\t\t\t\t\t\t\t\t\t\t\t\t<\/div>\n\t\t\t\t<\/div>\n\t\t\t\t<div class=\"elementor-element elementor-element-3c524cd elementor-widget elementor-widget-text-editor\" data-id=\"3c524cd\" data-element_type=\"widget\" data-widget_type=\"text-editor.default\">\n\t\t\t\t<div class=\"elementor-widget-container\">\n\t\t\t\t\t\t\t<p style=\"text-align: center;\"><strong>Rudolf Langer<\/strong><\/p><p style=\"text-align: center;\"><a href=\"mailto:rlanger@tgm.ac.at\" target=\"_blank\" rel=\"noopener\">rlanger@tgm.ac.at<\/a><\/p>\t\t\t\t\t\t<\/div>\n\t\t\t\t<\/div>\n\t\t\t\t\t<\/div>\n\t\t<\/div>\n\t\t\t\t<div class=\"elementor-column elementor-col-50 elementor-inner-column elementor-element elementor-element-1020e4c\" data-id=\"1020e4c\" data-element_type=\"column\">\n\t\t\t<div class=\"elementor-widget-wrap elementor-element-populated\">\n\t\t\t\t\t\t<div class=\"elementor-element elementor-element-34f6483 elementor-widget elementor-widget-image\" data-id=\"34f6483\" data-element_type=\"widget\" data-widget_type=\"image.default\">\n\t\t\t\t<div class=\"elementor-widget-container\">\n\t\t\t\t\t\t\t\t\t\t\t\t\t<img decoding=\"async\" src=\"http:\/\/172.16.202.26\/wp-content\/uploads\/elementor\/thumbs\/hherzog-scaled-rf18lpmpdz42rbb8jfit5df1x22o4ndq3pol1hnww0.jpg\" title=\"hherzog\" alt=\"hherzog\" loading=\"lazy\" \/>\t\t\t\t\t\t\t\t\t\t\t\t\t<\/div>\n\t\t\t\t<\/div>\n\t\t\t\t<div class=\"elementor-element elementor-element-df44e7f elementor-widget elementor-widget-text-editor\" data-id=\"df44e7f\" data-element_type=\"widget\" data-widget_type=\"text-editor.default\">\n\t\t\t\t<div class=\"elementor-widget-container\">\n\t\t\t\t\t\t\t<p style=\"text-align: center;\"><strong>Heidelinde Herzog<\/strong><\/p><p style=\"text-align: center;\"><a href=\"mailto:hherzog@tgm.ac.at\" target=\"_blank\" rel=\"noopener\">hherzog@tgm.ac.at<\/a><\/p>\t\t\t\t\t\t<\/div>\n\t\t\t\t<\/div>\n\t\t\t\t\t<\/div>\n\t\t<\/div>\n\t\t\t\t\t<\/div>\n\t\t<\/section>\n\t\t\t\t\t<\/div>\n\t\t<\/div>\n\t\t\t\t\t<\/div>\n\t\t<\/section>\n\t\t\t\t<\/div>\n\t\t","protected":false},"excerpt":{"rendered":"<p>Jugendberatung (JuBer) Manchmal treten im Leben schwierige Situationen auf, die besondere Unterst\u00fctzung erfordern.\u00a0Wir verstehen uns als Anlaufstelle bei pers\u00f6nlichen oder bei schulischen Problemen.Selbstverst\u00e4ndlich werden Gespr\u00e4che vertraulich behandelt, m\u00f6gliche Schritte und L\u00f6sungswege werden nur mit Einverst\u00e4ndnis der Betroffenen beschritten. F\u00fcr wen sind wir da? \u2192\u00a0 Sch\u00fclerinnen und Sch\u00fcler\u2192\u00a0 Eltern F\u00fcr welche Anliegen sind wir da? F\u00fcr Unterst\u00fctzung bei\u2192\u00a0 privaten Problemen\u2192\u00a0 Problemen [&hellip;]<\/p>\n","protected":false},"author":3,"featured_media":0,"parent":12203,"menu_order":0,"comment_status":"closed","ping_status":"closed","template":"elementor_header_footer","meta":[],"_links":{"self":[{"href":"http:\/\/172.16.202.26\/index.php?rest_route=\/wp\/v2\/pages\/12288"}],"collection":[{"href":"http:\/\/172.16.202.26\/index.php?rest_route=\/wp\/v2\/pages"}],"about":[{"href":"http:\/\/172.16.202.26\/index.php?rest_route=\/wp\/v2\/types\/page"}],"author":[{"embeddable":true,"href":"http:\/\/172.16.202.26\/index.php?rest_route=\/wp\/v2\/users\/3"}],"replies":[{"embeddable":true,"href":"http:\/\/172.16.202.26\/index.php?rest_route=%2Fwp%2Fv2%2Fcomments&post=12288"}],"version-history":[{"count":70,"href":"http:\/\/172.16.202.26\/index.php?rest_route=\/wp\/v2\/pages\/12288\/revisions"}],"predecessor-version":[{"id":26237,"href":"http:\/\/172.16.202.26\/index.php?rest_route=\/wp\/v2\/pages\/12288\/revisions\/26237"}],"up":[{"embeddable":true,"href":"http:\/\/172.16.202.26\/index.php?rest_route=\/wp\/v2\/pages\/12203"}],"wp:attachment":[{"href":"http:\/\/172.16.202.26\/index.php?rest_route=%2Fwp%2Fv2%2Fmedia&parent=12288"}],"curies":[{"name":"wp","href":"https:\/\/api.w.org\/{rel}","templated":true}]}}