{"id":19074,"date":"2023-07-24T15:11:27","date_gmt":"2023-07-24T13:11:27","guid":{"rendered":"http:\/\/172.16.202.26\/?page_id=19074"},"modified":"2024-03-14T10:13:27","modified_gmt":"2024-03-14T09:13:27","slug":"fachtheoretische-unterrichtsgegenstaende","status":"publish","type":"page","link":"http:\/\/172.16.202.26\/?page_id=19074","title":{"rendered":"fachtheoretische Unterrichtsgegenst\u00e4nde"},"content":{"rendered":"\t\t<div data-elementor-type=\"wp-page\" data-elementor-id=\"19074\" class=\"elementor elementor-19074\">\n\t\t\t\t\t\t<section class=\"elementor-section elementor-top-section elementor-element elementor-element-d94d3ce elementor-section-boxed elementor-section-height-default elementor-section-height-default\" data-id=\"d94d3ce\" data-element_type=\"section\">\n\t\t\t\t\t\t<div class=\"elementor-container elementor-column-gap-default\">\n\t\t\t\t\t<div class=\"elementor-column elementor-col-100 elementor-top-column elementor-element elementor-element-21ff2e8\" data-id=\"21ff2e8\" data-element_type=\"column\">\n\t\t\t<div class=\"elementor-widget-wrap elementor-element-populated\">\n\t\t\t\t\t\t<div class=\"elementor-element elementor-element-2417a3b elementor-widget elementor-widget-heading\" data-id=\"2417a3b\" data-element_type=\"widget\" data-widget_type=\"heading.default\">\n\t\t\t\t<div class=\"elementor-widget-container\">\n\t\t\t<style>\/*! elementor - v3.20.0 - 13-03-2024 *\/\n.elementor-heading-title{padding:0;margin:0;line-height:1}.elementor-widget-heading .elementor-heading-title[class*=elementor-size-]>a{color:inherit;font-size:inherit;line-height:inherit}.elementor-widget-heading .elementor-heading-title.elementor-size-small{font-size:15px}.elementor-widget-heading .elementor-heading-title.elementor-size-medium{font-size:19px}.elementor-widget-heading .elementor-heading-title.elementor-size-large{font-size:29px}.elementor-widget-heading .elementor-heading-title.elementor-size-xl{font-size:39px}.elementor-widget-heading .elementor-heading-title.elementor-size-xxl{font-size:59px}<\/style><h2 class=\"elementor-heading-title elementor-size-default\">Fachtheoretische Unterrichtsgegenst\u00e4nde<\/h2>\t\t<\/div>\n\t\t\t\t<\/div>\n\t\t\t\t\t<\/div>\n\t\t<\/div>\n\t\t\t\t\t<\/div>\n\t\t<\/section>\n\t\t\t\t<section class=\"elementor-section elementor-top-section elementor-element elementor-element-91fb967 elementor-section-boxed elementor-section-height-default elementor-section-height-default\" data-id=\"91fb967\" data-element_type=\"section\">\n\t\t\t\t\t\t<div class=\"elementor-container elementor-column-gap-default\">\n\t\t\t\t\t<div class=\"elementor-column elementor-col-50 elementor-top-column elementor-element elementor-element-e1a6a0e\" data-id=\"e1a6a0e\" data-element_type=\"column\">\n\t\t\t<div class=\"elementor-widget-wrap elementor-element-populated\">\n\t\t\t\t\t\t<div class=\"elementor-element elementor-element-11ff3ec elementor-widget elementor-widget-text-editor\" data-id=\"11ff3ec\" data-element_type=\"widget\" data-widget_type=\"text-editor.default\">\n\t\t\t\t<div class=\"elementor-widget-container\">\n\t\t\t<style>\/*! elementor - v3.20.0 - 13-03-2024 *\/\n.elementor-widget-text-editor.elementor-drop-cap-view-stacked .elementor-drop-cap{background-color:#69727d;color:#fff}.elementor-widget-text-editor.elementor-drop-cap-view-framed .elementor-drop-cap{color:#69727d;border:3px solid;background-color:transparent}.elementor-widget-text-editor:not(.elementor-drop-cap-view-default) .elementor-drop-cap{margin-top:8px}.elementor-widget-text-editor:not(.elementor-drop-cap-view-default) .elementor-drop-cap-letter{width:1em;height:1em}.elementor-widget-text-editor .elementor-drop-cap{float:left;text-align:center;line-height:1;font-size:50px}.elementor-widget-text-editor .elementor-drop-cap-letter{display:inline-block}<\/style>\t\t\t\t<p><strong>Softwareentwicklung<\/strong><\/p><p>Hier lernst du die Grundlagen des Coding: Strukturierte Programmierung, Algorithmen und Datenstrukturen und Objektorientierte Programmierung. Dazu verwenden wir aktuell JAVA und sp\u00e4ter dann Python.<br \/>Im Beriech Softwareentwicklungsprozess lernst du den Umgang mit g\u00e4ngigen Werkzeugen zur Unterst\u00fctzung der SW-Entwicklung, aktuelle Vorgehensmodelle und Entwicklungsmethoden sowie die wichtigsten Entwurfsmuster kennen. Im Rahmen der Programmentwicklung lernst du Programme auch systematisch zu testen.<br \/>Im Bereich der Anwendungsentwicklung kannst du selbst komplexe Anwendungen f\u00fcr unterschiedliche Medien mit grafischer Benutzeroberfl\u00e4che entwickeln. Dabei lernst du alles \u00fcber Nebenl\u00e4ufigkeit, die n\u00f6tigen Frameworks und Middleware. Auch hier lernst du Entwicklungsmethoden und Teststrategien kennen.<\/p>\t\t\t\t\t\t<\/div>\n\t\t\t\t<\/div>\n\t\t\t\t\t<\/div>\n\t\t<\/div>\n\t\t\t\t<div class=\"elementor-column elementor-col-50 elementor-top-column elementor-element elementor-element-940776c\" data-id=\"940776c\" data-element_type=\"column\">\n\t\t\t<div class=\"elementor-widget-wrap elementor-element-populated\">\n\t\t\t\t\t\t<div class=\"elementor-element elementor-element-9939703 elementor-widget elementor-widget-image\" data-id=\"9939703\" data-element_type=\"widget\" data-widget_type=\"image.default\">\n\t\t\t\t<div class=\"elementor-widget-container\">\n\t\t\t<style>\/*! elementor - v3.20.0 - 13-03-2024 *\/\n.elementor-widget-image{text-align:center}.elementor-widget-image a{display:inline-block}.elementor-widget-image a img[src$=\".svg\"]{width:48px}.elementor-widget-image img{vertical-align:middle;display:inline-block}<\/style>\t\t\t\t\t\t\t\t\t\t<img decoding=\"async\" src=\"http:\/\/172.16.202.26\/wp-content\/uploads\/elementor\/thumbs\/it1-pp03xqbnes1ncd7gk37fdwh5eehhel76zxi8ai5j9i.jpg\" title=\"\" alt=\"\" loading=\"lazy\" \/>\t\t\t\t\t\t\t\t\t\t\t\t\t<\/div>\n\t\t\t\t<\/div>\n\t\t\t\t\t<\/div>\n\t\t<\/div>\n\t\t\t\t\t<\/div>\n\t\t<\/section>\n\t\t\t\t<section class=\"elementor-section elementor-top-section elementor-element elementor-element-ac42fcb elementor-section-boxed elementor-section-height-default elementor-section-height-default\" data-id=\"ac42fcb\" data-element_type=\"section\">\n\t\t\t\t\t\t<div class=\"elementor-container elementor-column-gap-default\">\n\t\t\t\t\t<div class=\"elementor-column elementor-col-50 elementor-top-column elementor-element elementor-element-c208646\" data-id=\"c208646\" data-element_type=\"column\">\n\t\t\t<div class=\"elementor-widget-wrap elementor-element-populated\">\n\t\t\t\t\t\t<div class=\"elementor-element elementor-element-9824a9e elementor-widget elementor-widget-text-editor\" data-id=\"9824a9e\" data-element_type=\"widget\" data-widget_type=\"text-editor.default\">\n\t\t\t\t<div class=\"elementor-widget-container\">\n\t\t\t\t\t\t\t<p><strong>Informationstechnische Projekte<\/strong><\/p><p>In Informationstechnische Projekte lernst du alles rund um IT-Projekte. Dies beginnt damit, die Grundlagen eines Betriebs verstehen zu k\u00f6nnen und wie ein Projekt in den betrieblichen Organisationsstrukturen durchgef\u00fchrt werden kann. Nat\u00fcrlich lernst du auch alles \u00fcber das Projekt-Management, von klassischen Ans\u00e4tzen bis hin zu agilen Methoden im IT-Bereich, wie etwa SCRUM. Die Praxis steht dabei im Vordergrund. Zu Beginn erlernt man dies durch Durchf\u00fchrung kleiner Projekte.<br \/>Bereits ab dem 4. Jahr arbeiten unsere Sch\u00fclerinnen und Sch\u00fcler in Projekten mit Unternehmen aus Industrie und Wirtschaft. Damit erweitern sie nicht nur ihre fachlichen und sozialen Kompetenzen, sondern bauen auch bereits ihr eigenes berufliches Netzwerk auf. Und wer wei\u00df, vielleicht wird ja aus deinem Diplomprojekt dein eigenes Start-Up.<br \/>Damit am Ende eines Projekts auch das Ergebnis passt, lernst du auch die Grundlagen des Qualit\u00e4tsmanagements, der dazugeh\u00f6rigen Normen und -Systeme.<\/p>\t\t\t\t\t\t<\/div>\n\t\t\t\t<\/div>\n\t\t\t\t\t<\/div>\n\t\t<\/div>\n\t\t\t\t<div class=\"elementor-column elementor-col-50 elementor-top-column elementor-element elementor-element-4b49a02\" data-id=\"4b49a02\" data-element_type=\"column\">\n\t\t\t<div class=\"elementor-widget-wrap elementor-element-populated\">\n\t\t\t\t\t\t<div class=\"elementor-element elementor-element-f50c484 elementor-widget elementor-widget-image\" data-id=\"f50c484\" data-element_type=\"widget\" data-widget_type=\"image.default\">\n\t\t\t\t<div class=\"elementor-widget-container\">\n\t\t\t\t\t\t\t\t\t\t\t\t\t<img decoding=\"async\" src=\"http:\/\/172.16.202.26\/wp-content\/uploads\/elementor\/thumbs\/it2-1-pp03xvyojs9da0z9n5n6sv1wyppoortl0pf565x68g.jpg\" title=\"\" alt=\"\" loading=\"lazy\" \/>\t\t\t\t\t\t\t\t\t\t\t\t\t<\/div>\n\t\t\t\t<\/div>\n\t\t\t\t\t<\/div>\n\t\t<\/div>\n\t\t\t\t\t<\/div>\n\t\t<\/section>\n\t\t\t\t<section class=\"elementor-section elementor-top-section elementor-element elementor-element-5445476 elementor-section-boxed elementor-section-height-default elementor-section-height-default\" data-id=\"5445476\" data-element_type=\"section\">\n\t\t\t\t\t\t<div class=\"elementor-container elementor-column-gap-default\">\n\t\t\t\t\t<div class=\"elementor-column elementor-col-50 elementor-top-column elementor-element elementor-element-b75cc04\" data-id=\"b75cc04\" data-element_type=\"column\">\n\t\t\t<div class=\"elementor-widget-wrap elementor-element-populated\">\n\t\t\t\t\t\t<div class=\"elementor-element elementor-element-6525d30 elementor-widget elementor-widget-text-editor\" data-id=\"6525d30\" data-element_type=\"widget\" data-widget_type=\"text-editor.default\">\n\t\t\t\t<div class=\"elementor-widget-container\">\n\t\t\t\t\t\t\t<p><strong>Netzwerktechnik<\/strong><\/p><p>Hier lernst Du alles N\u00f6tige um in einem Betrieb die Netzwerk-Infrastruktur zu planen, aufzubauen und zu managen. Dazu lernst Du alles \u00fcber \u00dcbertragungsmedien und Netzwerktopologien sowie Schichtenmodelle und Protokolle.<br \/>Im Bereich Switiching und Routing lernst du alles \u00fcber die aktuellen Technologien und Verfahren und kannst \u00fcber entsprechende Pr\u00fcfungen industrielle Zertifikate von namhaften Herstellern erwerben.<br \/>Ein gro\u00dfer Aspekt ist der Bereich der Netzwerksicherheit, wo du alles \u00fcber die Notwendigkeit von Sicherheitssystemen, wie etwa die grundlegenden Funktionsprinzipien einer Firewall, eines Backups-Systems, sowie Remote-Access lernst.<\/p>\t\t\t\t\t\t<\/div>\n\t\t\t\t<\/div>\n\t\t\t\t\t<\/div>\n\t\t<\/div>\n\t\t\t\t<div class=\"elementor-column elementor-col-50 elementor-top-column elementor-element elementor-element-1b566b9\" data-id=\"1b566b9\" data-element_type=\"column\">\n\t\t\t<div class=\"elementor-widget-wrap elementor-element-populated\">\n\t\t\t\t\t\t<div class=\"elementor-element elementor-element-0f5a16e elementor-widget elementor-widget-image\" data-id=\"0f5a16e\" data-element_type=\"widget\" data-widget_type=\"image.default\">\n\t\t\t\t<div class=\"elementor-widget-container\">\n\t\t\t\t\t\t\t\t\t\t\t\t\t<img decoding=\"async\" src=\"http:\/\/172.16.202.26\/wp-content\/uploads\/elementor\/thumbs\/it3-pp03xxucxgbxx8wjc6gfxuku5hgf4611oyq44pudvq.jpg\" title=\"\" alt=\"\" loading=\"lazy\" \/>\t\t\t\t\t\t\t\t\t\t\t\t\t<\/div>\n\t\t\t\t<\/div>\n\t\t\t\t\t<\/div>\n\t\t<\/div>\n\t\t\t\t\t<\/div>\n\t\t<\/section>\n\t\t\t\t<section class=\"elementor-section elementor-top-section elementor-element elementor-element-bc8567a elementor-section-boxed elementor-section-height-default elementor-section-height-default\" data-id=\"bc8567a\" data-element_type=\"section\">\n\t\t\t\t\t\t<div class=\"elementor-container elementor-column-gap-default\">\n\t\t\t\t\t<div class=\"elementor-column elementor-col-50 elementor-top-column elementor-element elementor-element-54ee1fe\" data-id=\"54ee1fe\" data-element_type=\"column\">\n\t\t\t<div class=\"elementor-widget-wrap elementor-element-populated\">\n\t\t\t\t\t\t<div class=\"elementor-element elementor-element-8ff054c elementor-widget elementor-widget-text-editor\" data-id=\"8ff054c\" data-element_type=\"widget\" data-widget_type=\"text-editor.default\">\n\t\t\t\t<div class=\"elementor-widget-container\">\n\t\t\t\t\t\t\t<p><strong>Informationssysteme<\/strong><\/p><p>Hier lernst du Datenmodellierungstechniken sowie alles rund um Datenbaken, von der Konzeption und Administration \u00fcber den Betrieb bis hin zur serverseitigen Programmierung.<br \/>Ein wichtiger Teil des Informationsmanagements ist die Bereitstellung von Daten, z.B. durch Web-Anwendungen und Content Management Systeme. Auch Data-Science ist ein Kapitel in diesem Gegenstand, wer Daten hat, will diese ja auch verstehen und nutzen.<\/p>\t\t\t\t\t\t<\/div>\n\t\t\t\t<\/div>\n\t\t\t\t\t<\/div>\n\t\t<\/div>\n\t\t\t\t<div class=\"elementor-column elementor-col-50 elementor-top-column elementor-element elementor-element-4430f33\" data-id=\"4430f33\" data-element_type=\"column\">\n\t\t\t<div class=\"elementor-widget-wrap elementor-element-populated\">\n\t\t\t\t\t\t<div class=\"elementor-element elementor-element-7714d17 elementor-widget elementor-widget-image\" data-id=\"7714d17\" data-element_type=\"widget\" data-widget_type=\"image.default\">\n\t\t\t\t<div class=\"elementor-widget-container\">\n\t\t\t\t\t\t\t\t\t\t\t\t\t<img decoding=\"async\" src=\"http:\/\/172.16.202.26\/wp-content\/uploads\/elementor\/thumbs\/it4-pp03xzq1b4eikgtt179p2u3rc975jk8id81339rl3q.jpg\" title=\"\" alt=\"\" loading=\"lazy\" \/>\t\t\t\t\t\t\t\t\t\t\t\t\t<\/div>\n\t\t\t\t<\/div>\n\t\t\t\t\t<\/div>\n\t\t<\/div>\n\t\t\t\t\t<\/div>\n\t\t<\/section>\n\t\t\t\t<\/div>\n\t\t","protected":false},"excerpt":{"rendered":"<p>Fachtheoretische Unterrichtsgegenst\u00e4nde Softwareentwicklung Hier lernst du die Grundlagen des Coding: Strukturierte Programmierung, Algorithmen und Datenstrukturen und Objektorientierte Programmierung. Dazu verwenden wir aktuell JAVA und sp\u00e4ter dann Python.Im Beriech Softwareentwicklungsprozess lernst du den Umgang mit g\u00e4ngigen Werkzeugen zur Unterst\u00fctzung der SW-Entwicklung, aktuelle Vorgehensmodelle und Entwicklungsmethoden sowie die wichtigsten Entwurfsmuster kennen. Im Rahmen der Programmentwicklung lernst du Programme auch systematisch zu testen.Im [&hellip;]<\/p>\n","protected":false},"author":3,"featured_media":0,"parent":12662,"menu_order":0,"comment_status":"closed","ping_status":"closed","template":"elementor_header_footer","meta":[],"_links":{"self":[{"href":"http:\/\/172.16.202.26\/index.php?rest_route=\/wp\/v2\/pages\/19074"}],"collection":[{"href":"http:\/\/172.16.202.26\/index.php?rest_route=\/wp\/v2\/pages"}],"about":[{"href":"http:\/\/172.16.202.26\/index.php?rest_route=\/wp\/v2\/types\/page"}],"author":[{"embeddable":true,"href":"http:\/\/172.16.202.26\/index.php?rest_route=\/wp\/v2\/users\/3"}],"replies":[{"embeddable":true,"href":"http:\/\/172.16.202.26\/index.php?rest_route=%2Fwp%2Fv2%2Fcomments&post=19074"}],"version-history":[{"count":13,"href":"http:\/\/172.16.202.26\/index.php?rest_route=\/wp\/v2\/pages\/19074\/revisions"}],"predecessor-version":[{"id":21915,"href":"http:\/\/172.16.202.26\/index.php?rest_route=\/wp\/v2\/pages\/19074\/revisions\/21915"}],"up":[{"embeddable":true,"href":"http:\/\/172.16.202.26\/index.php?rest_route=\/wp\/v2\/pages\/12662"}],"wp:attachment":[{"href":"http:\/\/172.16.202.26\/index.php?rest_route=%2Fwp%2Fv2%2Fmedia&parent=19074"}],"curies":[{"name":"wp","href":"https:\/\/api.w.org\/{rel}","templated":true}]}}