{"id":19741,"date":"2023-09-06T14:35:30","date_gmt":"2023-09-06T12:35:30","guid":{"rendered":"http:\/\/172.16.202.26\/?page_id=19741"},"modified":"2025-02-13T10:09:38","modified_gmt":"2025-02-13T09:09:38","slug":"termine-2024-25","status":"publish","type":"page","link":"http:\/\/172.16.202.26\/?page_id=19741","title":{"rendered":"Termine 2024\/25"},"content":{"rendered":"\t\t<div data-elementor-type=\"wp-page\" data-elementor-id=\"19741\" class=\"elementor elementor-19741\">\n\t\t\t\t\t\t<section class=\"elementor-section elementor-top-section elementor-element elementor-element-c8cccf7 elementor-section-boxed elementor-section-height-default elementor-section-height-default\" data-id=\"c8cccf7\" data-element_type=\"section\">\n\t\t\t\t\t\t<div class=\"elementor-container elementor-column-gap-default\">\n\t\t\t\t\t<div class=\"elementor-column elementor-col-100 elementor-top-column elementor-element elementor-element-87a0db6\" data-id=\"87a0db6\" data-element_type=\"column\">\n\t\t\t<div class=\"elementor-widget-wrap elementor-element-populated\">\n\t\t\t\t\t\t<div class=\"elementor-element elementor-element-93a923d elementor-widget elementor-widget-heading\" data-id=\"93a923d\" data-element_type=\"widget\" data-widget_type=\"heading.default\">\n\t\t\t\t<div class=\"elementor-widget-container\">\n\t\t\t<style>\/*! elementor - v3.20.0 - 13-03-2024 *\/\n.elementor-heading-title{padding:0;margin:0;line-height:1}.elementor-widget-heading .elementor-heading-title[class*=elementor-size-]>a{color:inherit;font-size:inherit;line-height:inherit}.elementor-widget-heading .elementor-heading-title.elementor-size-small{font-size:15px}.elementor-widget-heading .elementor-heading-title.elementor-size-medium{font-size:19px}.elementor-widget-heading .elementor-heading-title.elementor-size-large{font-size:29px}.elementor-widget-heading .elementor-heading-title.elementor-size-xl{font-size:39px}.elementor-widget-heading .elementor-heading-title.elementor-size-xxl{font-size:59px}<\/style><h2 class=\"elementor-heading-title elementor-size-default\">Termine Schuljahr 2024\/25<\/h2>\t\t<\/div>\n\t\t\t\t<\/div>\n\t\t\t\t\t<\/div>\n\t\t<\/div>\n\t\t\t\t\t<\/div>\n\t\t<\/section>\n\t\t\t\t<section class=\"elementor-section elementor-top-section elementor-element elementor-element-b46b4f2 elementor-section-boxed elementor-section-height-default elementor-section-height-default\" data-id=\"b46b4f2\" data-element_type=\"section\">\n\t\t\t\t\t\t<div class=\"elementor-container elementor-column-gap-default\">\n\t\t\t\t\t<div class=\"elementor-column elementor-col-100 elementor-top-column elementor-element elementor-element-dcf5daa\" data-id=\"dcf5daa\" data-element_type=\"column\">\n\t\t\t<div class=\"elementor-widget-wrap elementor-element-populated\">\n\t\t\t\t\t\t<div class=\"elementor-element elementor-element-389d670 elementor-widget__width-auto elementor-widget elementor-widget-eael-advanced-data-table\" data-id=\"389d670\" data-element_type=\"widget\" data-widget_type=\"eael-advanced-data-table.default\">\n\t\t\t\t<div class=\"elementor-widget-container\">\n\t\t\t<div class=\"ea-advanced-data-table-wrap\" data-id=\"389d670\"><div class=\"ea-advanced-data-table-search-wrap ea-advanced-data-table-search-right\"><input type=\"search\" placeholder=\"Sie suchen?\" class=\"ea-advanced-data-table-search\"><\/div><div class=\"ea-advanced-data-table-wrap-inner\">\n                <table class=\"ea-advanced-data-table ea-advanced-data-table-static ea-advanced-data-table-389d670 ea-advanced-data-table-searchable\" data-id=\"389d670\"><tbody><tr><td><p><br><\/p><\/td><td><p><br><\/p><\/td><td><p><br><\/p><\/td><td><p><strong>SEPTEMBER 2024<\/strong><\/p><\/td><\/tr><tr><td>Mo<\/td><td><p>02.09.<\/p><\/td><td><p>8:00<\/p><\/td><td>DIENSTANTRITT<\/td><\/tr><tr><td><p>Mo<\/p><\/td><td><p>02.09.<\/p><\/td><td><p>8:30<\/p><\/td><td><p>ER\u00d6FFNUNGSKONFERENZ, Anwesenheitspflicht f\u00fcr alle Lehrkr\u00e4fte;<\/p><p>Anschlie\u00dfend WERKST\u00c4TTENLEHRKR\u00c4FTEKONFERENZ \u2013 Pausenraum Werkst\u00e4tte<\/p><\/td><\/tr><tr><td><p>Mo<\/p><\/td><td><p>02.09<\/p><\/td><td><p>10:00<\/p><\/td><td><p>EINSCHREIBUNG der 1. bis 5. Jahrg\u00e4nge und Tageskollegs<\/p><\/td><\/tr><tr><td><p>Mo<\/p><\/td><td><p>02.09.<\/p><\/td><td><p>ab 10:00<\/p><\/td><td><p>WIEDERHOLUNGSPR\u00dcFUNGEN<\/p><\/td><\/tr><tr><td><p>Mo<\/p><\/td><td><p>02.09.<\/p><\/td><td><p>18:00<\/p><\/td><td><p>EINSCHREIBUNG Aufbaulehrgang Abendschule<\/p><\/td><\/tr><tr><td><p>Di<\/p><\/td><td><p>03.09.<\/p><\/td><td><p>8:00<\/p><\/td><td><p>Unterricht lt. Sonderplan; WIEDERHOLUNGSPR\u00dcFUNGEN<\/p><\/td><\/tr><tr><td><p>Di<\/p><\/td><td><p>03.09.<\/p><\/td><td><p>8:00<\/p><\/td><td><p>HERBSTTERMIN f\u00fcr AUFNAHMEPR\u00dcFUNGEN 2024\/2025; Sonderplan<\/p><\/td><\/tr><tr><td><p>Di<\/p><\/td><td><p>03.09.<\/p><\/td><td><p>ab 13:30<\/p><\/td><td><p>ABTEILUNGSKONFERENZ \u2013 Sonderplan, Abteilungslehrkr\u00e4fte<\/p><p>Abendschule; Unterricht lt. Stundenplan<\/p><\/td><\/tr><tr><td><p>Mi<\/p><\/td><td><p>04.09.<\/p><\/td><td><p>8:00<\/p><\/td><td><p>Unterricht lt. Stundenplan und nachweisliche Bekanntgabe der KONFERENZENTSCHEIDUNGEN<\/p><p>an die Sch\u00fclerInnen gem\u00e4\u00df \u00a7 20 Abs. 6 SchUG<\/p><\/td><\/tr><tr><td><p>Fr<\/p><\/td><td><p>06.09.<\/p><\/td><td><p><br><\/p><\/td><td><p>VORLAGE der abgeschlossenen KATALOGE 2023\/24 (durch die Jahrgangsvorst\u00e4nde*innen 2022\/23)<\/p><p>in der ABTEILUNG zur Kontrolle<\/p><\/td><\/tr><tr><td><p>Fr<\/p><\/td><td><p>06.09.<\/p><\/td><td><p>8:00 - 8:50<\/p><\/td><td><p>Katholischer ER\u00d6FFNUNGSGOTTESDIENST \u2013 Erl\u00f6serkirche; Unterrichtsbeginn: 2. Unterrichtseinheit<\/p><p>Zeitgleich: evangelische Andacht auf H1126<\/p><\/td><\/tr><tr><td><p>Di<\/p><\/td><td><p>17.09.<\/p><\/td><td><p>8:00<\/p><\/td><td><p>sRDP; Herbsttermin Deutsch; sBRP Deutsch<\/p><\/td><\/tr><tr><td><p>Mi<\/p><\/td><td><p>18.09.<\/p><\/td><td><p>8:00<\/p><\/td><td><p>sRDP; Herbsttermin Angewandte Mathematik; sBRP Angewandte Mathematik<\/p><\/td><\/tr><tr><td><p>Do<\/p><\/td><td><p>19.09.<\/p><\/td><td><p>8:00<\/p><\/td><td><p>sRDP; Herbsttermin Englisch; sBRP Englisch<\/p><\/td><\/tr><tr><td><p>Do<\/p><\/td><td><p>26.09.<\/p><\/td><td><p>9:00 - 15:00<\/p><\/td><td><p>CAREERDAY<\/p><\/td><\/tr><tr><td><p>Fr<\/p><\/td><td><p>27.09.<\/p><\/td><td><p>bis 22:00<\/p><\/td><td><p>Letzter Termin f\u00fcr die Freigabe der Diplomarbeitsthemen durch den jeweiligen Betreuer*in<\/p><\/td><\/tr><tr><td><p>Fr<\/p><\/td><td><p>27.09.<\/p><\/td><td><p>-<\/p><\/td><td><p>LETZTER TERMIN der WAHL zum(r) ABTEILUNGSSPRECHER\/IN der Tageschule<\/p><\/td><\/tr><tr><td><p>Fr<\/p><\/td><td><p>27.09.<\/p><\/td><td><p>bis 12:00<\/p><\/td><td><p>ABGABE der fertig angelegten Jahrgangskataloge 2024\/2025 in der ABTEILUNG durch die Jahrgangsvorst\u00e4nde*innen<\/p><\/td><\/tr><tr><td><p><br><\/p><\/td><td><p><br><\/p><\/td><td><p><br><\/p><\/td><td><p><strong>OKTOBER 2024<\/strong><\/p><\/td><\/tr><tr><td><p>Di<\/p><\/td><td><p>01.10.<\/p><\/td><td><p><br><\/p><\/td><td><p>HEARING der zuk\u00fcnftigen Schulsprecher*innen - Exnersaal<\/p><\/td><\/tr><tr><td><p>Do<\/p><\/td><td><p>03.10.<\/p><\/td><td><p><br><\/p><\/td><td><p>SCHULSPRECHER*INNENWAHL<\/p><\/td><\/tr><tr><td><p>Fr<\/p><\/td><td><p>04.10.<\/p><\/td><td><p><br><\/p><\/td><td><p>SCHULSPRECHER*INNENWAHL - Stichwahl<\/p><\/td><\/tr><tr><td><p>Fr<\/p><\/td><td><p>04.10.<\/p><\/td><td><p><br><\/p><\/td><td><p>LETZTER TERMIN f\u00fcr Elternabende der 1. Jahrg\u00e4nge<\/p><\/td><\/tr><tr><td><p>Di<\/p><\/td><td><p>08.10.<\/p><\/td><td><p><br><\/p><\/td><td><p>Kompensationspr\u00fcfungen f\u00fcr Deutsch, Englisch und Angewandte Mathematik<\/p><\/td><\/tr><tr><td><p>Sa<\/p><\/td><td>26.10.<\/td><td><p><br><\/p><\/td><td><p>NATIONALFEIERTAG, unterrichtsfrei<\/p><\/td><\/tr><tr><td><p>Mo- Do<\/p><\/td><td><p>28.10. bis 31.10.<\/p><\/td><td><p><br><\/p><\/td><td>Herbstferien<\/td><\/tr><tr><td><p><br><\/p><\/td><td><p><br><\/p><\/td><td><p><br><\/p><\/td><td><p><strong>NOVEMBER 2024<\/strong><\/p><\/td><\/tr><tr><td><p>Fr<\/p><\/td><td>01.11.<\/td><td><p><br><\/p><\/td><td><p>ALLERHEILIGEN, unterrichtsfrei<\/p><\/td><\/tr><tr><td><p>Sa<\/p><\/td><td>02.11.<\/td><td><p><br><\/p><\/td><td><p>ALLERSEELEN, unterrichtsfrei<\/p><\/td><\/tr><tr><td><p>Fr und Sa<\/p><\/td><td><p>08.11<\/p><p>09.11.<\/p><\/td><td><p>13:00 - 17:00<\/p><p>09:00 - 12:00<\/p><\/td><td><p>Tage der offenen T\u00fcr<\/p><\/td><\/tr><tr><td><p>Fr<\/p><\/td><td>15.11.<\/td><td><p><br><\/p><\/td><td><p>HL. LEOPOLD, unterrichtsfrei<\/p><\/td><\/tr><tr><td><p>Fr<\/p><\/td><td><p>22.11.<\/p><\/td><td><p>bis 12:00<\/p><\/td><td><p>Anmeldeschluss f\u00fcr den RDP-Wintertermin<\/p><\/td><\/tr><tr><td><p><br><\/p><\/td><td><p><br><\/p><\/td><td><p><br><\/p><\/td><td><p><strong>DEZEMBER 2024<\/strong><\/p><\/td><\/tr><tr><td><p>Fr<\/p><\/td><td><p>06.12.<\/p><\/td><td><p>13:30 - 17:30<\/p><\/td><td><p>Elternsprechtag; Unterrichtsschluss 12:20 Uhr; Abendschule Unterricht ab 18:45 Uhr<\/p><\/td><\/tr><tr><td><p>Di<\/p><\/td><td><p>17.12.<\/p><\/td><td><p>17:00<\/p><\/td><td><p>Weihnachtsfeier<\/p><\/td><\/tr><tr><td><p>Do<\/p><\/td><td><p>19.12.<\/p><\/td><td><p>8:00<\/p><\/td><td><p>\u00d6kumenischer WEIHNACHTSGOTTESDIENST \u2013 Erl\u00f6serkirche, Unterrichtsbeginn: 2. Unterrichtseinheit<\/p><\/td><\/tr><tr><td><p>Mo - Mo<\/p><\/td><td><p>23.12. bis 06.01.<\/p><\/td><td><p><br><\/p><\/td><td>Weihnachtsferien<\/td><\/tr><tr><td><p><br><\/p><\/td><td><p><br><\/p><\/td><td><p><br><\/p><\/td><td><p><strong>J\u00c4NNER 2025<\/strong><\/p><\/td><\/tr><tr><td><p>Do<\/p><\/td><td><p>09.01.<\/p><\/td><td><p>08:00<\/p><\/td><td><p>sRDP; Wintertermin Deutsch; sBRP Deutsch<\/p><\/td><\/tr><tr><td><p>Fr<\/p><\/td><td><p>10.01.<\/p><\/td><td><p>08:00<\/p><\/td><td><p>sRDP; Wintertermin Angewandte Mathematik; SBRP Angewandte Mathematik<\/p><\/td><\/tr><tr><td><p>Di<\/p><\/td><td><p>14.01.<\/p><\/td><td><p><br><\/p><\/td><td><p>sRDP; Wintertermin Englisch; sBRP Englisch<\/p><\/td><\/tr><tr><td><p>Mo - Fr  <\/p><\/td><td><p>20.01. bis 24.01.<\/p><\/td><td><p><br><\/p><\/td><td><p>NOTENEINTRAGUNG, Tagesschule<\/p><\/td><\/tr><tr><td><p>Fr<\/p><\/td><td><p>24.01.<\/p><\/td><td><p>14:00 - 17:00<\/p><\/td><td><p>Tag der offenen T\u00fcr, Sonderplan<\/p><\/td><\/tr><tr><td><p>Mo<\/p><\/td><td><p>27.01.<\/p><\/td><td><p>13:30<\/p><\/td><td><p>ALLGEMEINE KONFERENZ und SEMESTERKONFERENZEN, Sonderplan, Tagesschule Unterrichtsschluss: 12:30 Uhr,<\/p><p>Abendschule lt. Stundenplan<\/p><\/td><\/tr><tr><td><p>Di<\/p><\/td><td><p>28.01.<\/p><\/td><td><p>08:00<\/p><\/td><td><p>sRDP; Wintertermin m\u00fcndliche Kompensationspr\u00fcfungen f\u00fcr Deutsch, Englisch und Angewandte Mathematik<\/p><\/td><\/tr><tr><td><p>Mi<\/p><\/td><td><p>29.01.<\/p><\/td><td><p>bis 12:00<\/p><\/td><td><p>LETZTER TERMIN zur VORLAGE der SEMESTERZEUGNISSE (mit abgeschlossenem Hauptkatalog) <\/p><p>zur UNTERSCHRIFT der SCHULLEITUNG\/ABTEILUNGSVORSTEHUNG<\/p><\/td><\/tr><tr><td><p>Fr<\/p><\/td><td><p>31.01.<\/p><\/td><td><p><br><\/p><\/td><td><p>Ausgabe der SEMSTERZEUGNISSE und SCHULNACHRICHTEN in der letzten Unterrichtseinheit<\/p><\/td><\/tr><tr><td><p><br><\/p><\/td><td><p><br><\/p><\/td><td><p><br><\/p><\/td><td><p><strong>FEBRUAR&nbsp;2025<\/strong><\/p><\/td><\/tr><tr><td><p>Mo - Sa  <\/p><\/td><td><p>03.02. bis 08.02.<\/p><\/td><td><p><br><\/p><\/td><td>Semesterferien<\/td><\/tr><tr><td><p>Mo<\/p><\/td><td><p>10.02.<\/p><\/td><td><p>18:00<\/p><\/td><td><p>Einschreibung \u2013 Kolleg und Abendschule im Exnersaal<\/p><\/td><\/tr><tr><td><p><br><\/p><\/td><td><p><br><\/p><\/td><td><p><br><\/p><\/td><td><p><strong>M\u00c4RZ 2025<\/strong><\/p><\/td><\/tr><tr><td><p>Fr<\/p><\/td><td><p>14.03.<\/p><\/td><td><p>bis 12:00<\/p><\/td><td><p>Anmeldeschluss f\u00fcr den RDP-Sommertermin<\/p><\/td><\/tr><tr><td><p>Mo - Fr<\/p><\/td><td><p>24.03. bis 28.03.<\/p><\/td><td><p><br><\/p><\/td><td><p>Mental Health Days, Sonderplan<\/p><\/td><\/tr><tr><td><p><br><\/p><\/td><td><p><br><\/p><\/td><td><p><br><\/p><\/td><td><p><strong>APRIL 2025<\/strong><\/p><\/td><\/tr><tr><td><p>Di<\/p><\/td><td><p>08.04.<\/p><\/td><td><\/td><td><p>5. Jahrg\u00e4nge: letzter Termin f\u00fcr die Abgabe der Diplomarbeit<\/p><\/td><\/tr><tr><td><p>Mi - Do<\/p><\/td><td><p>09.04.<\/p><p>10.04.<\/p><\/td><td><p>ab 18:00<\/p><\/td><td><p>Technolog*innentreffen<\/p><\/td><\/tr><tr><td><p>Fr<\/p><\/td><td><p>11.04.<\/p><\/td><td><p>08:00 - 08:50<\/p><\/td><td><p>\u00d6kumenischer OSTERGOTTESDIENST - Erl\u00f6serkirche<\/p><p>Unterrichtsbeginn: 2. Unterrichtseinheit<\/p><\/td><\/tr><tr><td><p>Fr<\/p><\/td><td><p>11.04.<\/p><\/td><td><\/td><td><p>5. Jahrg\u00e4nge Notenschluss<\/p><\/td><\/tr><tr><td><p>Mo - Mo<\/p><\/td><td><p>14.04. bis 21.04.<\/p><\/td><td><\/td><td><p>Osterferien<\/p><\/td><\/tr><tr><td><p>Di<\/p><\/td><td><p>22.04.<\/p><\/td><td><\/td><td><p>Unterrichtsfrei lt. SGA Beschluss u. lt. SGA-B Beschluss<\/p><\/td><\/tr><tr><td><p>Do<\/p><\/td><td><p>24.04.<\/p><\/td><td><\/td><td><p>Wiener T\u00f6chtertag<\/p><\/td><\/tr><tr><td><p>Mi<\/p><\/td><td><p>30.04.<\/p><\/td><td><\/td><td><p>5. Jahrg\u00e4nge Zeugnisverteilung<\/p><\/td><\/tr><tr><td><p><br><\/p><\/td><td><p><br><\/p><\/td><td><p><br><\/p><\/td><td><p><strong>MAI 2025<\/strong><\/p><\/td><\/tr><tr><td><p>Do<\/p><\/td><td><p>01.05.<\/p><\/td><td><\/td><td><p>STAATSFEIERTAG, unterrichtsfrei<\/p><\/td><\/tr><tr><td><p>Fr<\/p><\/td><td><p>02.05.<\/p><\/td><td><\/td><td><p>Unterrichtsfrei lt. SGA Beschluss u. lt. SGA-B Beschluss<\/p><\/td><\/tr><tr><td><p>Mi<\/p><\/td><td><p>07.05.<\/p><\/td><td><p><br><\/p><\/td><td><p>sRDP 2024\/2025 Haupttermin Deutsch, sBRP Deutsch<\/p><\/td><\/tr><tr><td><p>Do<\/p><\/td><td><p>08.05.<\/p><\/td><td><p><br><\/p><\/td><td><p>sRDP 2024\/2025 Hauptermin Angewandte Mathematik, sBRP Angewandte Mathematik<\/p><\/td><\/tr><tr><td><p>Fr<\/p><\/td><td><p>09.05.<\/p><\/td><td><p><br><\/p><\/td><td><p>sRDP 2024\/2025 Haupttermin Englisch, sBRP Englisch<\/p><\/td><\/tr><tr><td><p>Di - Mi<\/p><\/td><td><p>27.05. bis 28.05.<\/p><\/td><td><\/td><td><p>m\u00fcndliche Kompensationspr\u00fcfung Deutsch, Englisch und angewandte Mathematik<\/p><\/td><\/tr><tr><td><p>Do<\/p><\/td><td><p>29.05.<\/p><\/td><td><p><br><\/p><\/td><td><p>CHRISTI HIMMELFAHRT, unterrichtsfrei<\/p><\/td><\/tr><tr><td><p>Fr<\/p><\/td><td><p>30.05.<\/p><\/td><td><\/td><td><p>Unterrichtsfrei lt. SGA Beschluss u. lt. SGA-B Beschluss<\/p><\/td><\/tr><tr><td><p><br><\/p><\/td><td><p><br><\/p><\/td><td><p><br><\/p><\/td><td><p><strong>JUNI 2025<\/strong><\/p><\/td><\/tr><tr><td><p>Mo - Di <\/p><\/td><td><p>02.06. bis 03.06.<\/p><\/td><td><p><br><\/p><\/td><td><p>sRDP 2024\/2025 Haupttermin<\/p><\/td><\/tr><tr><td><p>Mo<\/p><\/td><td><p>09.06.<\/p><\/td><td><\/td><td><p>Pfingstmontag, unterrichtsfrei<\/p><\/td><\/tr><tr><td><p>Di - Fr<\/p><\/td><td><p>10.06. bis 13.06.<\/p><\/td><td><p>9:00 - 24:00<\/p><\/td><td><p>NOTENEINTRAGUNG, Tagesschule<\/p><\/td><\/tr><tr><td><p>Mi<\/p><\/td><td><p>18.06.<\/p><\/td><td><p>ab 13:30<\/p><\/td><td><p>ALLGEMEINE KONFERENZ, Exnersaal, Unterrichtsschluss 12:30<\/p><\/td><\/tr><tr><td><p>Mi<\/p><\/td><td><p>18.06.<\/p><\/td><td><p>ab 18:00<\/p><\/td><td><p>geplant: HOFFEST<\/p><\/td><\/tr><tr><td><p>Do<\/p><\/td><td><p>19.06.<\/p><\/td><td><\/td><td><p>FRONLEICHNAM, unterrichtsfrei<\/p><\/td><\/tr><tr><td><p>Fr<\/p><\/td><td><p>20.06.<\/p><\/td><td><p>8:00 - 11:00<\/p><\/td><td><p>Nachweisl. Bekanntgabe d. KONFERENZENTSCHEIDUNG gem. \u00a7 20 Abs. 6 SchUG an Sch\u00fcler*innen,<\/p><p>keine Schulveranstaltung<\/p><\/td><\/tr><tr><td><p>Mo<\/p><\/td><td><p>23.06.<\/p><\/td><td><p>bis 11:30<\/p><\/td><td><p>LETZTER TERMIN f\u00fcr ZEUGNISVORLAGE zur UNTERSCHRIFT der SCHULLEITUNG in der Kanzlei, Tagesschule<\/p><\/td><\/tr><tr><td><p>Do<\/p><\/td><td><p>26.06.<\/p><\/td><td><p>bis 15:30<\/p><\/td><td><p>Anmeldeschluss f\u00fcr den RDP- Herbsttermin<\/p><\/td><\/tr><tr><td><p>Fr<\/p><\/td><td><p>27.06.<\/p><\/td><td><p>8:00 - 8:50<\/p><\/td><td><p>\u00d6kumenischer SCHLUSSGOTTESDIENST \u2013 Erl\u00f6serkirche<\/p><\/td><\/tr><tr><td><p>Fr<\/p><\/td><td><p>27.06.<\/p><\/td><td><p>9:00<\/p><\/td><td><p>ZEUGNISVERTEILUNG, nicht behobene Zeugnisse in der Kanzlei hinterlegen.<\/p><p>Nicht behobene Zeugnisse k\u00f6nnen ab Montag, 30. Juni 2025 zu den Kanzlei\u00f6ffnungszeiten abgeholt werden.<\/p><\/td><\/tr><tr><td><p><br><\/p><\/td><td><p><br><\/p><\/td><td><p><br><\/p><\/td><td><p><strong>JULI 2025<\/strong><\/p><\/td><\/tr><tr><td><\/td><td><\/td><td><\/td><td><p>Sommerferien<\/p><\/td><\/tr><tr><td><\/td><td><\/td><td><\/td><td><p><strong>AUGUST 2025<\/strong><\/p><\/td><\/tr><tr><td><\/td><td><\/td><td><\/td><td><p>Sommerferien<\/p><\/td><\/tr><tr><td><p><br><\/p><\/td><td><p><br><\/p><\/td><td><p><br><\/p><\/td><td><p><strong>SEPTEMBER 2025<\/strong><\/p><\/td><\/tr><tr><td><p>So<\/p><\/td><td><p>31.08.<\/p><\/td><td><\/td><td><p>ENDE DER SOMMERFERIEN<\/p><\/td><\/tr><tr><td><p>Mo<\/p><\/td><td><p>01.09.<\/p><\/td><td><p>8:00<\/p><\/td><td><p>Dienstantritt<\/p><\/td><\/tr><tr><td><p>Mo<\/p><\/td><td><p>01.09.<\/p><\/td><td><p>8:30<\/p><\/td><td><p>ER\u00d6FFNUNGSKONFERENZ<\/p><\/td><\/tr><tr><td><p>Mo<\/p><\/td><td><p>01.09.<\/p><\/td><td><p>10:00<\/p><\/td><td><p>JAHRGANGSWEISE EINSCHREIBUNG Tagesschule<\/p><\/td><\/tr><tr><td><p>Mo<\/p><\/td><td><p>01.09.<\/p><\/td><td><p>18:00<\/p><\/td><td><p>EINSCHREIBUNG Aufbaulehrgang Abendschule<\/p><\/td><\/tr><\/tbody><\/table>\n            <\/div><\/div>\t\t<\/div>\n\t\t\t\t<\/div>\n\t\t\t\t\t<\/div>\n\t\t<\/div>\n\t\t\t\t\t<\/div>\n\t\t<\/section>\n\t\t\t\t<\/div>\n\t\t","protected":false},"excerpt":{"rendered":"<p>Termine Schuljahr 2024\/25 SEPTEMBER 2024 Mo 02.09. 8:00 DIENSTANTRITT Mo 02.09. 8:30 ER\u00d6FFNUNGSKONFERENZ, Anwesenheitspflicht f\u00fcr alle Lehrkr\u00e4fte; Anschlie\u00dfend WERKST\u00c4TTENLEHRKR\u00c4FTEKONFERENZ \u2013 Pausenraum Werkst\u00e4tte Mo 02.09 10:00 EINSCHREIBUNG der 1. bis 5. Jahrg\u00e4nge und Tageskollegs Mo 02.09. ab 10:00 WIEDERHOLUNGSPR\u00dcFUNGEN Mo 02.09. 18:00 EINSCHREIBUNG Aufbaulehrgang Abendschule Di 03.09. 8:00 Unterricht lt. Sonderplan; WIEDERHOLUNGSPR\u00dcFUNGEN Di 03.09. 8:00 HERBSTTERMIN f\u00fcr AUFNAHMEPR\u00dcFUNGEN 2024\/2025; Sonderplan Di [&hellip;]<\/p>\n","protected":false},"author":3,"featured_media":0,"parent":0,"menu_order":0,"comment_status":"closed","ping_status":"closed","template":"elementor_header_footer","meta":[],"_links":{"self":[{"href":"http:\/\/172.16.202.26\/index.php?rest_route=\/wp\/v2\/pages\/19741"}],"collection":[{"href":"http:\/\/172.16.202.26\/index.php?rest_route=\/wp\/v2\/pages"}],"about":[{"href":"http:\/\/172.16.202.26\/index.php?rest_route=\/wp\/v2\/types\/page"}],"author":[{"embeddable":true,"href":"http:\/\/172.16.202.26\/index.php?rest_route=\/wp\/v2\/users\/3"}],"replies":[{"embeddable":true,"href":"http:\/\/172.16.202.26\/index.php?rest_route=%2Fwp%2Fv2%2Fcomments&post=19741"}],"version-history":[{"count":137,"href":"http:\/\/172.16.202.26\/index.php?rest_route=\/wp\/v2\/pages\/19741\/revisions"}],"predecessor-version":[{"id":24840,"href":"http:\/\/172.16.202.26\/index.php?rest_route=\/wp\/v2\/pages\/19741\/revisions\/24840"}],"wp:attachment":[{"href":"http:\/\/172.16.202.26\/index.php?rest_route=%2Fwp%2Fv2%2Fmedia&parent=19741"}],"curies":[{"name":"wp","href":"https:\/\/api.w.org\/{rel}","templated":true}]}}