{"id":3097,"date":"2022-04-19T17:26:45","date_gmt":"2022-04-19T15:26:45","guid":{"rendered":"http:\/\/192.189.51.53\/?page_id=3097"},"modified":"2026-03-18T08:51:22","modified_gmt":"2026-03-18T07:51:22","slug":"schularzt","status":"publish","type":"page","link":"http:\/\/172.16.202.26\/?page_id=3097","title":{"rendered":"Schularzt"},"content":{"rendered":"\t\t<div data-elementor-type=\"wp-page\" data-elementor-id=\"3097\" class=\"elementor elementor-3097\">\n\t\t\t\t\t\t<section class=\"elementor-section elementor-top-section elementor-element elementor-element-2779fd5 elementor-section-boxed elementor-section-height-default elementor-section-height-default\" data-id=\"2779fd5\" data-element_type=\"section\">\n\t\t\t\t\t\t<div class=\"elementor-container elementor-column-gap-default\">\n\t\t\t\t\t<div class=\"elementor-column elementor-col-100 elementor-top-column elementor-element elementor-element-2a7ab5d\" data-id=\"2a7ab5d\" data-element_type=\"column\">\n\t\t\t<div class=\"elementor-widget-wrap elementor-element-populated\">\n\t\t\t\t\t\t<div class=\"elementor-element elementor-element-eebffca elementor-widget elementor-widget-heading\" data-id=\"eebffca\" data-element_type=\"widget\" data-widget_type=\"heading.default\">\n\t\t\t\t<div class=\"elementor-widget-container\">\n\t\t\t<style>\/*! elementor - v3.20.0 - 13-03-2024 *\/\n.elementor-heading-title{padding:0;margin:0;line-height:1}.elementor-widget-heading .elementor-heading-title[class*=elementor-size-]>a{color:inherit;font-size:inherit;line-height:inherit}.elementor-widget-heading .elementor-heading-title.elementor-size-small{font-size:15px}.elementor-widget-heading .elementor-heading-title.elementor-size-medium{font-size:19px}.elementor-widget-heading .elementor-heading-title.elementor-size-large{font-size:29px}.elementor-widget-heading .elementor-heading-title.elementor-size-xl{font-size:39px}.elementor-widget-heading .elementor-heading-title.elementor-size-xxl{font-size:59px}<\/style><h2 class=\"elementor-heading-title elementor-size-default\">Schul\u00e4rztlicher Dienst<\/h2>\t\t<\/div>\n\t\t\t\t<\/div>\n\t\t\t\t\t<\/div>\n\t\t<\/div>\n\t\t\t\t\t<\/div>\n\t\t<\/section>\n\t\t\t\t<section class=\"elementor-section elementor-top-section elementor-element elementor-element-1ac8ae7 elementor-section-boxed elementor-section-height-default elementor-section-height-default\" data-id=\"1ac8ae7\" data-element_type=\"section\">\n\t\t\t\t\t\t<div class=\"elementor-container elementor-column-gap-default\">\n\t\t\t\t\t<div class=\"elementor-column elementor-col-100 elementor-top-column elementor-element elementor-element-440006e\" data-id=\"440006e\" data-element_type=\"column\">\n\t\t\t<div class=\"elementor-widget-wrap elementor-element-populated\">\n\t\t\t\t\t\t<div class=\"elementor-element elementor-element-77e5618 elementor-widget elementor-widget-heading\" data-id=\"77e5618\" data-element_type=\"widget\" data-widget_type=\"heading.default\">\n\t\t\t\t<div class=\"elementor-widget-container\">\n\t\t\t<h3 class=\"elementor-heading-title elementor-size-default\">Unsere T\u00e4tigkeit umfasst:<\/h3>\t\t<\/div>\n\t\t\t\t<\/div>\n\t\t\t\t<div class=\"elementor-element elementor-element-dbf723e elementor-widget elementor-widget-text-editor\" data-id=\"dbf723e\" data-element_type=\"widget\" data-widget_type=\"text-editor.default\">\n\t\t\t\t<div class=\"elementor-widget-container\">\n\t\t\t<style>\/*! elementor - v3.20.0 - 13-03-2024 *\/\n.elementor-widget-text-editor.elementor-drop-cap-view-stacked .elementor-drop-cap{background-color:#69727d;color:#fff}.elementor-widget-text-editor.elementor-drop-cap-view-framed .elementor-drop-cap{color:#69727d;border:3px solid;background-color:transparent}.elementor-widget-text-editor:not(.elementor-drop-cap-view-default) .elementor-drop-cap{margin-top:8px}.elementor-widget-text-editor:not(.elementor-drop-cap-view-default) .elementor-drop-cap-letter{width:1em;height:1em}.elementor-widget-text-editor .elementor-drop-cap{float:left;text-align:center;line-height:1;font-size:50px}.elementor-widget-text-editor .elementor-drop-cap-letter{display:inline-block}<\/style>\t\t\t\t<p>\u2192\u00a0 die Versorgung der Sch\u00fcler und Sch\u00fclerinnen bei akuten Zwischenf\u00e4llen oder Erkrankungen (auch psychische Ausnahmesituationen)<\/p><p>\u2192\u00a0 \u00a0Versorgung bei chronischen Krankheiten (auch psychische und Abh\u00e4ngigkeitserkrankungen)<\/p><p>\u2192\u00a0 Entscheidung, inwiefern einem Sch\u00fcler oder einer Sch\u00fclerin die Belastungen der Ausbildung am TGM zuzumuten sind (z.B. BSP, Werkst\u00e4tten)<br \/>\u2192\u00a0 &#8222;Routineuntersuchungen&#8220; insbesondere f\u00fcr die Schulveranstaltungen. In besonderen Situationen (Diabetes mellitus, Epilepsie, k\u00f6rperliche Behinderung oder schwereren Anpassungsst\u00f6rungen) wird gemeinsam mit der Leitung der Schulveranstaltung entschieden, wie und ob man ein Teilnahme erm\u00f6glichen k\u00f6nnte.<\/p><p>Laufende Behandlungen d\u00fcrfen nicht durchgef\u00fchrt werden (gesetzliche Vorschrift).<\/p>\t\t\t\t\t\t<\/div>\n\t\t\t\t<\/div>\n\t\t\t\t\t<\/div>\n\t\t<\/div>\n\t\t\t\t\t<\/div>\n\t\t<\/section>\n\t\t\t\t<section class=\"elementor-section elementor-top-section elementor-element elementor-element-8310d8c elementor-section-boxed elementor-section-height-default elementor-section-height-default\" data-id=\"8310d8c\" data-element_type=\"section\">\n\t\t\t\t\t\t<div class=\"elementor-container elementor-column-gap-default\">\n\t\t\t\t\t<div class=\"elementor-column elementor-col-100 elementor-top-column elementor-element elementor-element-3f7050a\" data-id=\"3f7050a\" data-element_type=\"column\">\n\t\t\t<div class=\"elementor-widget-wrap elementor-element-populated\">\n\t\t\t\t\t\t<div class=\"elementor-element elementor-element-0001308 elementor-widget elementor-widget-heading\" data-id=\"0001308\" data-element_type=\"widget\" data-widget_type=\"heading.default\">\n\t\t\t\t<div class=\"elementor-widget-container\">\n\t\t\t<h3 class=\"elementor-heading-title elementor-size-default\">Das Schularztzimmer befindet sich im Turnsaaltrakt \/ 1. Stock \/ Raum T133<\/h3>\t\t<\/div>\n\t\t\t\t<\/div>\n\t\t\t\t\t<\/div>\n\t\t<\/div>\n\t\t\t\t\t<\/div>\n\t\t<\/section>\n\t\t\t\t<section class=\"elementor-section elementor-top-section elementor-element elementor-element-cb9319b elementor-section-boxed elementor-section-height-default elementor-section-height-default\" data-id=\"cb9319b\" data-element_type=\"section\">\n\t\t\t\t\t\t<div class=\"elementor-container elementor-column-gap-default\">\n\t\t\t\t\t<div class=\"elementor-column elementor-col-100 elementor-top-column elementor-element elementor-element-17194c6\" data-id=\"17194c6\" data-element_type=\"column\">\n\t\t\t<div class=\"elementor-widget-wrap elementor-element-populated\">\n\t\t\t\t\t\t<div class=\"elementor-element elementor-element-290e633 elementor-widget elementor-widget-text-editor\" data-id=\"290e633\" data-element_type=\"widget\" data-widget_type=\"text-editor.default\">\n\t\t\t\t<div class=\"elementor-widget-container\">\n\t\t\t\t\t\t\t<p>Die Schul\u00e4rztinnen und Schul\u00e4rzte sind zu den angegebenen Zeiten im Schulhaus anwesend.<br \/>Weiters sind sie per E-Mail bzw. telefonisch (01 33126 507) erreichbar.<\/p>\t\t\t\t\t\t<\/div>\n\t\t\t\t<\/div>\n\t\t\t\t\t<\/div>\n\t\t<\/div>\n\t\t\t\t\t<\/div>\n\t\t<\/section>\n\t\t\t\t<section class=\"elementor-section elementor-top-section elementor-element elementor-element-aa96688 elementor-section-boxed elementor-section-height-default elementor-section-height-default\" data-id=\"aa96688\" data-element_type=\"section\">\n\t\t\t\t\t\t<div class=\"elementor-container elementor-column-gap-default\">\n\t\t\t\t\t<div class=\"elementor-column elementor-col-100 elementor-top-column elementor-element elementor-element-5662eef\" data-id=\"5662eef\" data-element_type=\"column\">\n\t\t\t<div class=\"elementor-widget-wrap elementor-element-populated\">\n\t\t\t\t\t\t<div class=\"elementor-element elementor-element-5465aac elementor-widget__width-initial elementor-widget elementor-widget-image\" data-id=\"5465aac\" data-element_type=\"widget\" data-widget_type=\"image.default\">\n\t\t\t\t<div class=\"elementor-widget-container\">\n\t\t\t<style>\/*! elementor - v3.20.0 - 13-03-2024 *\/\n.elementor-widget-image{text-align:center}.elementor-widget-image a{display:inline-block}.elementor-widget-image a img[src$=\".svg\"]{width:48px}.elementor-widget-image img{vertical-align:middle;display:inline-block}<\/style>\t\t\t\t\t\t\t\t\t\t<img fetchpriority=\"high\" decoding=\"async\" width=\"640\" height=\"386\" src=\"http:\/\/172.16.202.26\/wp-content\/uploads\/2025\/11\/Screenshot-2025-11-04-092644-768x463.png\" class=\"attachment-medium_large size-medium_large wp-image-26117\" alt=\"\" srcset=\"http:\/\/172.16.202.26\/wp-content\/uploads\/2025\/11\/Screenshot-2025-11-04-092644-768x463.png 768w, http:\/\/172.16.202.26\/wp-content\/uploads\/2025\/11\/Screenshot-2025-11-04-092644-300x181.png 300w, http:\/\/172.16.202.26\/wp-content\/uploads\/2025\/11\/Screenshot-2025-11-04-092644.png 981w\" sizes=\"(max-width: 640px) 100vw, 640px\" \/>\t\t\t\t\t\t\t\t\t\t\t\t\t<\/div>\n\t\t\t\t<\/div>\n\t\t\t\t\t<\/div>\n\t\t<\/div>\n\t\t\t\t\t<\/div>\n\t\t<\/section>\n\t\t\t\t<section class=\"elementor-section elementor-top-section elementor-element elementor-element-93d0ed0 elementor-section-boxed elementor-section-height-default elementor-section-height-default\" data-id=\"93d0ed0\" data-element_type=\"section\">\n\t\t\t\t\t\t<div class=\"elementor-container elementor-column-gap-default\">\n\t\t\t\t\t<div class=\"elementor-column elementor-col-20 elementor-top-column elementor-element elementor-element-2d1dbfa\" data-id=\"2d1dbfa\" data-element_type=\"column\">\n\t\t\t<div class=\"elementor-widget-wrap elementor-element-populated\">\n\t\t\t\t\t\t<div class=\"elementor-element elementor-element-79c1348 elementor-widget elementor-widget-image\" data-id=\"79c1348\" data-element_type=\"widget\" data-widget_type=\"image.default\">\n\t\t\t\t<div class=\"elementor-widget-container\">\n\t\t\t\t\t\t\t\t\t\t\t\t\t<img decoding=\"async\" width=\"640\" height=\"480\" src=\"http:\/\/172.16.202.26\/wp-content\/uploads\/2022\/09\/ghafner.jpg\" class=\"attachment-full size-full wp-image-13453\" alt=\"\" srcset=\"http:\/\/172.16.202.26\/wp-content\/uploads\/2022\/09\/ghafner.jpg 640w, http:\/\/172.16.202.26\/wp-content\/uploads\/2022\/09\/ghafner-300x225.jpg 300w\" sizes=\"(max-width: 640px) 100vw, 640px\" \/>\t\t\t\t\t\t\t\t\t\t\t\t\t<\/div>\n\t\t\t\t<\/div>\n\t\t\t\t<div class=\"elementor-element elementor-element-df8e223 elementor-widget elementor-widget-text-editor\" data-id=\"df8e223\" data-element_type=\"widget\" data-widget_type=\"text-editor.default\">\n\t\t\t\t<div class=\"elementor-widget-container\">\n\t\t\t\t\t\t\t<p style=\"text-align: center;\">Dr. Gerhard Hafner<\/p><p style=\"text-align: center;\"><a href=\"mailto:ghafner@tgm.ac.at\" target=\"_blank\" rel=\"noopener\">ghafner2@tgm.ac.at<\/a><\/p>\t\t\t\t\t\t<\/div>\n\t\t\t\t<\/div>\n\t\t\t\t\t<\/div>\n\t\t<\/div>\n\t\t\t\t<div class=\"elementor-column elementor-col-20 elementor-top-column elementor-element elementor-element-60d7230\" data-id=\"60d7230\" data-element_type=\"column\">\n\t\t\t<div class=\"elementor-widget-wrap elementor-element-populated\">\n\t\t\t\t\t\t<div class=\"elementor-element elementor-element-5e4d9a7 elementor-widget elementor-widget-image\" data-id=\"5e4d9a7\" data-element_type=\"widget\" data-widget_type=\"image.default\">\n\t\t\t\t<div class=\"elementor-widget-container\">\n\t\t\t\t\t\t\t\t\t\t\t\t\t<img decoding=\"async\" width=\"640\" height=\"480\" src=\"http:\/\/172.16.202.26\/wp-content\/uploads\/2022\/09\/fkrisper.jpg\" class=\"attachment-full size-full wp-image-13452\" alt=\"\" srcset=\"http:\/\/172.16.202.26\/wp-content\/uploads\/2022\/09\/fkrisper.jpg 640w, http:\/\/172.16.202.26\/wp-content\/uploads\/2022\/09\/fkrisper-300x225.jpg 300w\" sizes=\"(max-width: 640px) 100vw, 640px\" \/>\t\t\t\t\t\t\t\t\t\t\t\t\t<\/div>\n\t\t\t\t<\/div>\n\t\t\t\t<div class=\"elementor-element elementor-element-29a8295 elementor-widget elementor-widget-text-editor\" data-id=\"29a8295\" data-element_type=\"widget\" data-widget_type=\"text-editor.default\">\n\t\t\t\t<div class=\"elementor-widget-container\">\n\t\t\t\t\t\t\t<p style=\"text-align: center;\">Dr. Florian Krisper<\/p><p style=\"text-align: center;\"><a href=\"mailto:fkrisper@tgm.ac.at\" target=\"_blank\" rel=\"noopener\">fkrisper@tgm.ac.at<\/a><\/p>\t\t\t\t\t\t<\/div>\n\t\t\t\t<\/div>\n\t\t\t\t\t<\/div>\n\t\t<\/div>\n\t\t\t\t<div class=\"elementor-column elementor-col-20 elementor-top-column elementor-element elementor-element-bdb027d\" data-id=\"bdb027d\" data-element_type=\"column\">\n\t\t\t<div class=\"elementor-widget-wrap elementor-element-populated\">\n\t\t\t\t\t\t<div class=\"elementor-element elementor-element-968df90 elementor-widget elementor-widget-image\" data-id=\"968df90\" data-element_type=\"widget\" data-widget_type=\"image.default\">\n\t\t\t\t<div class=\"elementor-widget-container\">\n\t\t\t\t\t\t\t\t\t\t\t\t\t<img loading=\"lazy\" decoding=\"async\" width=\"640\" height=\"542\" src=\"http:\/\/172.16.202.26\/wp-content\/uploads\/2022\/09\/mzacherl.jpg\" class=\"attachment-full size-full wp-image-13455\" alt=\"\" srcset=\"http:\/\/172.16.202.26\/wp-content\/uploads\/2022\/09\/mzacherl.jpg 640w, http:\/\/172.16.202.26\/wp-content\/uploads\/2022\/09\/mzacherl-300x254.jpg 300w\" sizes=\"(max-width: 640px) 100vw, 640px\" \/>\t\t\t\t\t\t\t\t\t\t\t\t\t<\/div>\n\t\t\t\t<\/div>\n\t\t\t\t<div class=\"elementor-element elementor-element-a583e2c elementor-widget elementor-widget-text-editor\" data-id=\"a583e2c\" data-element_type=\"widget\" data-widget_type=\"text-editor.default\">\n\t\t\t\t<div class=\"elementor-widget-container\">\n\t\t\t\t\t\t\t<p style=\"text-align: center;\">Dr. Maria Zacherl<\/p><p style=\"text-align: center;\"><a href=\"mailto:mzacherl@tgm.ac.at\" target=\"_blank\" rel=\"noopener\">mzacherl@tgm.ac.at<\/a><\/p>\t\t\t\t\t\t<\/div>\n\t\t\t\t<\/div>\n\t\t\t\t\t<\/div>\n\t\t<\/div>\n\t\t\t\t<div class=\"elementor-column elementor-col-20 elementor-top-column elementor-element elementor-element-c2875fa\" data-id=\"c2875fa\" data-element_type=\"column\">\n\t\t\t<div class=\"elementor-widget-wrap\">\n\t\t\t\t\t\t\t<\/div>\n\t\t<\/div>\n\t\t\t\t<div class=\"elementor-column elementor-col-20 elementor-top-column elementor-element elementor-element-e1c19ce\" data-id=\"e1c19ce\" data-element_type=\"column\">\n\t\t\t<div class=\"elementor-widget-wrap\">\n\t\t\t\t\t\t\t<\/div>\n\t\t<\/div>\n\t\t\t\t\t<\/div>\n\t\t<\/section>\n\t\t\t\t<\/div>\n\t\t","protected":false},"excerpt":{"rendered":"<p>Schul\u00e4rztlicher Dienst Unsere T\u00e4tigkeit umfasst: \u2192\u00a0 die Versorgung der Sch\u00fcler und Sch\u00fclerinnen bei akuten Zwischenf\u00e4llen oder Erkrankungen (auch psychische Ausnahmesituationen) \u2192\u00a0 \u00a0Versorgung bei chronischen Krankheiten (auch psychische und Abh\u00e4ngigkeitserkrankungen) \u2192\u00a0 Entscheidung, inwiefern einem Sch\u00fcler oder einer Sch\u00fclerin die Belastungen der Ausbildung am TGM zuzumuten sind (z.B. BSP, Werkst\u00e4tten)\u2192\u00a0 &#8222;Routineuntersuchungen&#8220; insbesondere f\u00fcr die Schulveranstaltungen. In besonderen Situationen (Diabetes mellitus, Epilepsie, k\u00f6rperliche [&hellip;]<\/p>\n","protected":false},"author":3,"featured_media":0,"parent":12203,"menu_order":0,"comment_status":"closed","ping_status":"closed","template":"elementor_header_footer","meta":[],"_links":{"self":[{"href":"http:\/\/172.16.202.26\/index.php?rest_route=\/wp\/v2\/pages\/3097"}],"collection":[{"href":"http:\/\/172.16.202.26\/index.php?rest_route=\/wp\/v2\/pages"}],"about":[{"href":"http:\/\/172.16.202.26\/index.php?rest_route=\/wp\/v2\/types\/page"}],"author":[{"embeddable":true,"href":"http:\/\/172.16.202.26\/index.php?rest_route=\/wp\/v2\/users\/3"}],"replies":[{"embeddable":true,"href":"http:\/\/172.16.202.26\/index.php?rest_route=%2Fwp%2Fv2%2Fcomments&post=3097"}],"version-history":[{"count":157,"href":"http:\/\/172.16.202.26\/index.php?rest_route=\/wp\/v2\/pages\/3097\/revisions"}],"predecessor-version":[{"id":26726,"href":"http:\/\/172.16.202.26\/index.php?rest_route=\/wp\/v2\/pages\/3097\/revisions\/26726"}],"up":[{"embeddable":true,"href":"http:\/\/172.16.202.26\/index.php?rest_route=\/wp\/v2\/pages\/12203"}],"wp:attachment":[{"href":"http:\/\/172.16.202.26\/index.php?rest_route=%2Fwp%2Fv2%2Fmedia&parent=3097"}],"curies":[{"name":"wp","href":"https:\/\/api.w.org\/{rel}","templated":true}]}}