{"id":3774,"date":"2022-04-22T08:43:14","date_gmt":"2022-04-22T06:43:14","guid":{"rendered":"http:\/\/192.189.51.53\/?page_id=3774"},"modified":"2025-01-29T15:48:06","modified_gmt":"2025-01-29T14:48:06","slug":"anlagentechnik","status":"publish","type":"page","link":"http:\/\/172.16.202.26\/?page_id=3774","title":{"rendered":"Anlagentechnik"},"content":{"rendered":"\t\t<div data-elementor-type=\"wp-page\" data-elementor-id=\"3774\" class=\"elementor elementor-3774\">\n\t\t\t\t\t\t<section class=\"elementor-section elementor-top-section elementor-element elementor-element-53a1e9d elementor-section-full_width elementor-section-height-min-height elementor-section-height-default elementor-section-items-middle\" data-id=\"53a1e9d\" data-element_type=\"section\">\n\t\t\t\t\t\t\t<div class=\"elementor-background-overlay\"><\/div>\n\t\t\t\t\t\t\t<div class=\"elementor-container elementor-column-gap-default\">\n\t\t\t\t\t<div class=\"elementor-column elementor-col-100 elementor-top-column elementor-element elementor-element-8097857\" data-id=\"8097857\" data-element_type=\"column\" data-settings=\"{&quot;background_background&quot;:&quot;slideshow&quot;,&quot;background_slideshow_gallery&quot;:[],&quot;background_slideshow_loop&quot;:&quot;yes&quot;,&quot;background_slideshow_slide_duration&quot;:5000,&quot;background_slideshow_slide_transition&quot;:&quot;fade&quot;,&quot;background_slideshow_transition_duration&quot;:500}\">\n\t\t\t<div class=\"elementor-widget-wrap elementor-element-populated\">\n\t\t\t\t\t\t<div class=\"elementor-element elementor-element-77b7ffd elementor-widget__width-auto elementor-invisible elementor-widget elementor-widget-heading\" data-id=\"77b7ffd\" data-element_type=\"widget\" data-settings=\"{&quot;_animation&quot;:&quot;fadeInLeft&quot;}\" data-widget_type=\"heading.default\">\n\t\t\t\t<div class=\"elementor-widget-container\">\n\t\t\t<style>\/*! elementor - v3.20.0 - 13-03-2024 *\/\n.elementor-heading-title{padding:0;margin:0;line-height:1}.elementor-widget-heading .elementor-heading-title[class*=elementor-size-]>a{color:inherit;font-size:inherit;line-height:inherit}.elementor-widget-heading .elementor-heading-title.elementor-size-small{font-size:15px}.elementor-widget-heading .elementor-heading-title.elementor-size-medium{font-size:19px}.elementor-widget-heading .elementor-heading-title.elementor-size-large{font-size:29px}.elementor-widget-heading .elementor-heading-title.elementor-size-xl{font-size:39px}.elementor-widget-heading .elementor-heading-title.elementor-size-xxl{font-size:59px}<\/style><h1 class=\"elementor-heading-title elementor-size-default\">Allgemeiner Maschinenbau<\/h1>\t\t<\/div>\n\t\t\t\t<\/div>\n\t\t\t\t\t<\/div>\n\t\t<\/div>\n\t\t\t\t\t<\/div>\n\t\t<\/section>\n\t\t\t\t<section class=\"elementor-section elementor-top-section elementor-element elementor-element-56d16e8 elementor-section-boxed elementor-section-height-default elementor-section-height-default\" data-id=\"56d16e8\" data-element_type=\"section\">\n\t\t\t\t\t\t<div class=\"elementor-container elementor-column-gap-default\">\n\t\t\t\t\t<div class=\"elementor-column elementor-col-100 elementor-top-column elementor-element elementor-element-0590397\" data-id=\"0590397\" data-element_type=\"column\">\n\t\t\t<div class=\"elementor-widget-wrap elementor-element-populated\">\n\t\t\t\t\t\t<div class=\"elementor-element elementor-element-d2e2490 elementor-widget elementor-widget-heading\" data-id=\"d2e2490\" data-element_type=\"widget\" data-widget_type=\"heading.default\">\n\t\t\t\t<div class=\"elementor-widget-container\">\n\t\t\t<h2 class=\"elementor-heading-title elementor-size-default\">St\u00e4rker, schneller, sicherer, \u00f6konomischer, innovativer ..... die Ausbildung mit mehr Power!<\/h2>\t\t<\/div>\n\t\t\t\t<\/div>\n\t\t\t\t<div class=\"elementor-element elementor-element-f84dbc5 elementor-widget elementor-widget-text-editor\" data-id=\"f84dbc5\" data-element_type=\"widget\" data-widget_type=\"text-editor.default\">\n\t\t\t\t<div class=\"elementor-widget-container\">\n\t\t\t<style>\/*! elementor - v3.20.0 - 13-03-2024 *\/\n.elementor-widget-text-editor.elementor-drop-cap-view-stacked .elementor-drop-cap{background-color:#69727d;color:#fff}.elementor-widget-text-editor.elementor-drop-cap-view-framed .elementor-drop-cap{color:#69727d;border:3px solid;background-color:transparent}.elementor-widget-text-editor:not(.elementor-drop-cap-view-default) .elementor-drop-cap{margin-top:8px}.elementor-widget-text-editor:not(.elementor-drop-cap-view-default) .elementor-drop-cap-letter{width:1em;height:1em}.elementor-widget-text-editor .elementor-drop-cap{float:left;text-align:center;line-height:1;font-size:50px}.elementor-widget-text-editor .elementor-drop-cap-letter{display:inline-block}<\/style>\t\t\t\t<p>Anlagentechnik ist der klassische Maschinenbau, ohne Wenn und Aber! Der Schwerpunkt befasst sich mit den urspr\u00fcnglichsten Themen des Maschinenbaus: Anlagen zur Montage und Fertigung, F\u00f6rderanlagen, Energieanlagen und Kraftwerken und deren Komponenten.<\/p><p>\u00a0<\/p><p>Zur Grundlagenausbildung der maschinenbaulichen Gegenst\u00e4nde werden vertiefend die Besonderheiten der F\u00f6rdertechnik, also alles, was mit der Bef\u00f6rderung von Bauteilen oder Produkten \u2013 in welcher Form auch immer \u2013 zu tun hat, behandelt. Aber auch die daf\u00fcr notwendigen Maschinen und Ger\u00e4te werden besprochen. Zus\u00e4tzlich zum theoretischen Wissen werden in Konstruktions\u00fcbungen f\u00f6rdertechnische Bauteile berechnet und gezeichnet.<\/p><p>\u00a0<\/p><p>In der heutigen Zeit ist von der sogenannten Energiewende die Rede. Die gelingt aber nur wenn es auch daf\u00fcr ausgebildete HTL-Absolventinnen und Absolventen gibt. Bei uns erf\u00e4hrst du welche M\u00f6glichkeiten es zur \u201eStromerzeugung\u201c gibt, also alle Arten von Kraftwerken und Anlagen zur Energieumwandlung. Der Fokus wird hier auf erneuerbare Energiesysteme und deren Komponenten gelegt. Aber nat\u00fcrlich muss man als Maschinenbauerin oder Maschinenbauer auch \u00fcber konventionelle Anlagen Bescheid wissen.<\/p><p>\u00a0<\/p><p>Die handwerklich-technische Ausbildung erfolgt vom 1. bis 5. Jahrgang in der Werkst\u00e4tte, die individuelle Ausbildung in Kleingruppen in unseren Laboratorien und im Theorieunterricht. Dabei wird stets auf einen starken Projektbezug geachtet.<\/p><p>\u00a0<\/p><p>Der rasanten weltweiten, technologischen Weiterentwicklung wird durch eine solide Grundausbildung Rechnung getragen, sodass es unseren Absolventinnen und Absolventen auch in Zukunft m\u00f6glich sein wird, mit der entsprechenden fachlichen Kompetenz, auch unter Beachtung \u00f6kologischer und nachhaltiger Notwendigkeiten, erfolgreich national und international zu agieren.<\/p>\t\t\t\t\t\t<\/div>\n\t\t\t\t<\/div>\n\t\t\t\t\t<\/div>\n\t\t<\/div>\n\t\t\t\t\t<\/div>\n\t\t<\/section>\n\t\t\t\t<section class=\"elementor-section elementor-top-section elementor-element elementor-element-bad6fca elementor-section-boxed elementor-section-height-default elementor-section-height-default\" data-id=\"bad6fca\" data-element_type=\"section\">\n\t\t\t\t\t\t<div class=\"elementor-container elementor-column-gap-default\">\n\t\t\t\t\t<div class=\"elementor-column elementor-col-100 elementor-top-column elementor-element elementor-element-716305b\" data-id=\"716305b\" data-element_type=\"column\">\n\t\t\t<div class=\"elementor-widget-wrap elementor-element-populated\">\n\t\t\t\t\t\t<div class=\"elementor-element elementor-element-209cd1d elementor-widget elementor-widget-image\" data-id=\"209cd1d\" data-element_type=\"widget\" data-widget_type=\"image.default\">\n\t\t\t\t<div class=\"elementor-widget-container\">\n\t\t\t<style>\/*! elementor - v3.20.0 - 13-03-2024 *\/\n.elementor-widget-image{text-align:center}.elementor-widget-image a{display:inline-block}.elementor-widget-image a img[src$=\".svg\"]{width:48px}.elementor-widget-image img{vertical-align:middle;display:inline-block}<\/style>\t\t\t\t\t\t\t\t\t\t<img fetchpriority=\"high\" decoding=\"async\" width=\"720\" height=\"480\" src=\"http:\/\/172.16.202.26\/wp-content\/uploads\/2023\/11\/ant-rozetsky_700.jpg\" class=\"attachment-full size-full wp-image-20908\" alt=\"\" srcset=\"http:\/\/172.16.202.26\/wp-content\/uploads\/2023\/11\/ant-rozetsky_700.jpg 720w, http:\/\/172.16.202.26\/wp-content\/uploads\/2023\/11\/ant-rozetsky_700-300x200.jpg 300w, http:\/\/172.16.202.26\/wp-content\/uploads\/2023\/11\/ant-rozetsky_700-600x400.jpg 600w\" sizes=\"(max-width: 720px) 100vw, 720px\" \/>\t\t\t\t\t\t\t\t\t\t\t\t\t<\/div>\n\t\t\t\t<\/div>\n\t\t\t\t\t<\/div>\n\t\t<\/div>\n\t\t\t\t\t<\/div>\n\t\t<\/section>\n\t\t\t\t<section class=\"elementor-section elementor-top-section elementor-element elementor-element-86bf2ba elementor-section-boxed elementor-section-height-default elementor-section-height-default\" data-id=\"86bf2ba\" data-element_type=\"section\">\n\t\t\t\t\t\t<div class=\"elementor-container elementor-column-gap-default\">\n\t\t\t\t\t<div class=\"elementor-column elementor-col-100 elementor-top-column elementor-element elementor-element-51844c1\" data-id=\"51844c1\" data-element_type=\"column\">\n\t\t\t<div class=\"elementor-widget-wrap elementor-element-populated\">\n\t\t\t\t\t\t<div class=\"elementor-element elementor-element-01633ba elementor-widget elementor-widget-text-editor\" data-id=\"01633ba\" data-element_type=\"widget\" data-widget_type=\"text-editor.default\">\n\t\t\t\t<div class=\"elementor-widget-container\">\n\t\t\t\t\t\t\t<p><strong>Theorie und Praxis sind an einer HTL untrennbar verbunden!<\/strong><\/p><p>\u00a0<\/p><p>Die Lehrerinnen und Lehrer der Abteilung legen gro\u00dfen Wert auf f\u00e4cher\u00fcbergreifenden Projektunterricht zur F\u00f6rderung der Individualit\u00e4t, Teamf\u00e4higkeit und des vernetzten Denkens. Der Unterricht erfolgt teils in Kleingruppen, um auf m\u00f6glichst viele divergierende Bed\u00fcrfnisse eingehen zu k\u00f6nnen. Durch spielerische Ans\u00e4tze, F\u00f6rderunterricht und Wettbewerbsteilnahmen (freiwillig) wird die Motivation, deine Eigenmotivation zus\u00e4tzlich gesteigert. Wenn dir etwas Spa\u00df macht, lernst du leichter!<\/p><p>\u00a0<\/p><p>Stolz sind wir auch auf unseren Zusammenhalt und unser au\u00dfergew\u00f6hnliches Abteilungsklima, wodurch eine besondere pers\u00f6nliche Betreuung der Sch\u00fclerinnen und Sch\u00fcler gew\u00e4hrleistet ist.<\/p><p>\u00a0<\/p><p>Durch kulturelle und sportliche Veranstaltungen, wie Abteilungswandertage, Theaterbesuche, Exkursionen, Teilnahme an Wettbewerben, Sprachwochen (E, F, I), Schikurse, Sommersportwochen, Fu\u00dfball- und Volleyballturniere, wird das Schuljahr zus\u00e4tzlich aufgelockert und dabei auch die soziale Kompetenz gef\u00f6rdert.<\/p>\t\t\t\t\t\t<\/div>\n\t\t\t\t<\/div>\n\t\t\t\t\t<\/div>\n\t\t<\/div>\n\t\t\t\t\t<\/div>\n\t\t<\/section>\n\t\t\t\t<section class=\"elementor-section elementor-top-section elementor-element elementor-element-8c79d8e elementor-section-boxed elementor-section-height-default elementor-section-height-default\" data-id=\"8c79d8e\" data-element_type=\"section\">\n\t\t\t\t\t\t<div class=\"elementor-container elementor-column-gap-default\">\n\t\t\t\t\t<div class=\"elementor-column elementor-col-100 elementor-top-column elementor-element elementor-element-50d1158\" data-id=\"50d1158\" data-element_type=\"column\">\n\t\t\t<div class=\"elementor-widget-wrap elementor-element-populated\">\n\t\t\t\t\t\t<div class=\"elementor-element elementor-element-515ed51 elementor-widget elementor-widget-text-editor\" data-id=\"515ed51\" data-element_type=\"widget\" data-widget_type=\"text-editor.default\">\n\t\t\t\t<div class=\"elementor-widget-container\">\n\t\t\t\t\t\t\t<p><strong>Dein entscheidender Vorsprung durch Zusatzqualifikationen:<\/strong><\/p><p>\u00a0<\/p><p>\u2192 Vorbereitung zur Erlangung von Sprachzertifikaten (Englisch, Franz\u00f6sisch)<br \/>\u2192 Ausbildung zur Sicherheitsvertrauensperson<\/p><p>\u2192 Ausbildung zum\/zur Abfall- und Umweltbeauftragten<br \/>\u2192 Ausbildungen im Bereich der Schwei\u00dftechnik<br \/>\u2192 Entrepreneurshipausbildungen entsprechend der abteilungs\u00fcbergreifenden Schwerpunktsetzung am tgm (im Rahmen von Freigegenst\u00e4nden)<br \/>\u2192 Staplerschein<br \/>\u2192 Vorbereitung auf technisch innovative Projekte (nach Ma\u00dfgabe des Angebots)<\/p>\t\t\t\t\t\t<\/div>\n\t\t\t\t<\/div>\n\t\t\t\t\t<\/div>\n\t\t<\/div>\n\t\t\t\t\t<\/div>\n\t\t<\/section>\n\t\t\t\t<section class=\"elementor-section elementor-top-section elementor-element elementor-element-6397787 elementor-section-boxed elementor-section-height-default elementor-section-height-default\" data-id=\"6397787\" data-element_type=\"section\">\n\t\t\t\t\t\t<div class=\"elementor-container elementor-column-gap-default\">\n\t\t\t\t\t<div class=\"elementor-column elementor-col-100 elementor-top-column elementor-element elementor-element-8207076\" data-id=\"8207076\" data-element_type=\"column\">\n\t\t\t<div class=\"elementor-widget-wrap elementor-element-populated\">\n\t\t\t\t\t\t<div class=\"elementor-element elementor-element-a07e728 elementor-widget elementor-widget-heading\" data-id=\"a07e728\" data-element_type=\"widget\" data-widget_type=\"heading.default\">\n\t\t\t\t<div class=\"elementor-widget-container\">\n\t\t\t<h2 class=\"elementor-heading-title elementor-size-default\">Jobaussichten<\/h2>\t\t<\/div>\n\t\t\t\t<\/div>\n\t\t\t\t<div class=\"elementor-element elementor-element-2a48201 elementor-widget elementor-widget-text-editor\" data-id=\"2a48201\" data-element_type=\"widget\" data-widget_type=\"text-editor.default\">\n\t\t\t\t<div class=\"elementor-widget-container\">\n\t\t\t\t\t\t\t<p>Der Maschinenbau ist und war immer die Zukunftsbranche schlechthin. Unsere Anlagentechnikerinnen und Anlagentechniker sind in den unterschiedlichsten Bereichen t\u00e4tig. Beginnend von der Planung und Errichtung von Anlagen bis hin zur Auslegung und Dimensionierung von Maschinen und Produkten. Aber auch technischer Einkauf und\/oder Verkauf oder Marketing sind beliebte Arbeitsfelder. Genauso wie die Anstellung als Konstrukteurin oder Konstrukteur. Dies sind nur einzelne Ausschnitte aus einem extrem breiten Aufgabengebiet, das Maschinenbauerinnen und Maschinenbauer \u00fcbernehmen k\u00f6nnen.<\/p><p>\u00a0<\/p><p>Unser Ausbildungsangebot inkludiert die Erlangung unterschiedlicher Zertifikate im Bereich Schwei\u00dftechnik, Umwelttechnik, Sicherheitstechnik, usw. Sprachen und verschafft unseren Absolventinnen und Absolventen der Abteilung f\u00fcr Maschinenbau einen zus\u00e4tzlichen gro\u00dfen Ausbildungsvorsprung und erh\u00f6ht dadurch im besonderen Ma\u00dfe die Berufseinstiegschancen.<\/p><p>\u00a0<\/p><p><strong>JOBSICHER?<\/strong><br \/>In der heutigen Zeit? Gibt\u2019s das \u00fcberhaupt noch? \u2026.<\/p><p>\u00a0<\/p><p>JA! \u2013 SICHER!!!\u2026.<\/p><p>\u00a0<\/p><p>\u00dcberall spricht man von Digitalisierung, dass heute Aufgaben, die noch von Menschen gemacht werden, bald von Maschinen und Robotern \u00fcbernommen werden. \u2026.<\/p><p>\u00a0<\/p><p>NUN, UND WER BAUT DIESE!? \u2026. DIE MASCHINENBAUER von Morgen! \u2026Vielleicht ja DU, dann solltest du dich f\u00fcr eine Ausbildung im Maschinenbau entscheiden.<\/p><p>\u00a0<\/p><p><strong>Wir haben die \u201eIsle of Men TT\u201c gewonnen! \u2013 WIR MACHEN KEINE HALBEN SACHEN. Diese Ausbildung schafft dir den entscheidenden Vorsprung!<\/strong><\/p>\t\t\t\t\t\t<\/div>\n\t\t\t\t<\/div>\n\t\t\t\t\t<\/div>\n\t\t<\/div>\n\t\t\t\t\t<\/div>\n\t\t<\/section>\n\t\t\t\t<\/div>\n\t\t","protected":false},"excerpt":{"rendered":"<p>Allgemeiner Maschinenbau St\u00e4rker, schneller, sicherer, \u00f6konomischer, innovativer &#8230;.. die Ausbildung mit mehr Power! Anlagentechnik ist der klassische Maschinenbau, ohne Wenn und Aber! Der Schwerpunkt befasst sich mit den urspr\u00fcnglichsten Themen des Maschinenbaus: Anlagen zur Montage und Fertigung, F\u00f6rderanlagen, Energieanlagen und Kraftwerken und deren Komponenten. \u00a0 Zur Grundlagenausbildung der maschinenbaulichen Gegenst\u00e4nde werden vertiefend die Besonderheiten der F\u00f6rdertechnik, also alles, was mit [&hellip;]<\/p>\n","protected":false},"author":3,"featured_media":0,"parent":12681,"menu_order":0,"comment_status":"closed","ping_status":"closed","template":"elementor_header_footer","meta":[],"_links":{"self":[{"href":"http:\/\/172.16.202.26\/index.php?rest_route=\/wp\/v2\/pages\/3774"}],"collection":[{"href":"http:\/\/172.16.202.26\/index.php?rest_route=\/wp\/v2\/pages"}],"about":[{"href":"http:\/\/172.16.202.26\/index.php?rest_route=\/wp\/v2\/types\/page"}],"author":[{"embeddable":true,"href":"http:\/\/172.16.202.26\/index.php?rest_route=\/wp\/v2\/users\/3"}],"replies":[{"embeddable":true,"href":"http:\/\/172.16.202.26\/index.php?rest_route=%2Fwp%2Fv2%2Fcomments&post=3774"}],"version-history":[{"count":62,"href":"http:\/\/172.16.202.26\/index.php?rest_route=\/wp\/v2\/pages\/3774\/revisions"}],"predecessor-version":[{"id":24756,"href":"http:\/\/172.16.202.26\/index.php?rest_route=\/wp\/v2\/pages\/3774\/revisions\/24756"}],"up":[{"embeddable":true,"href":"http:\/\/172.16.202.26\/index.php?rest_route=\/wp\/v2\/pages\/12681"}],"wp:attachment":[{"href":"http:\/\/172.16.202.26\/index.php?rest_route=%2Fwp%2Fv2%2Fmedia&parent=3774"}],"curies":[{"name":"wp","href":"https:\/\/api.w.org\/{rel}","templated":true}]}}